{"id":7334,"date":"2019-02-14T11:46:05","date_gmt":"2019-02-14T10:46:05","guid":{"rendered":"https:\/\/www.enoconocimiento.com\/producto\/curso-de-cortador-de-jamon\/"},"modified":"2025-02-18T10:10:07","modified_gmt":"2025-02-18T09:10:07","slug":"curso-de-cortador-de-jamon","status":"publish","type":"product","link":"https:\/\/www.enoconocimiento.com\/eu\/producto\/curso-de-cortador-de-jamon\/","title":{"rendered":"Curso de Cortador de Jam\u00f3n"},"content":{"rendered":"<h3>Contenidos del curso<\/h3>\n<p>\nDirigido tanto a particulares, personal de hosteler\u00eda, empresarios hosteleros, cualquier persona amante de jam\u00f3n que desee aprender el arte del corte como un profesional, as\u00ed como para profesionales del corte que deseen mejorar su t\u00e9cnica.\n<\/p>\n<p>Es un curso muy pr\u00e1ctico en el que cada alumno corta un jam\u00f3n entero y aprende la t\u00e9cnica completa del corte profesional. Siguiendo las indicaciones que el profesor va dando, cada uno en su propio jam\u00f3n, va siguiendo los pasos que debe ir realizando, desde c\u00f3mo se limpia el jam\u00f3n hasta como se termina, para aprovecharlo siempre al m\u00e1ximo y obtener el m\u00e1ximo rendimiento de la pieza y el m\u00e1ximo n\u00famero de platos.<\/p>\n<h3>Imparte<\/h3>\n<p>\nJos\u00e9 \u00c1ngel Mu\u00f1oz Ruiz, maestro cortador\n<\/p>\n<h3>Observaciones<\/h3>\n<p>\nAl finalizar el curso se entrega a cada alumno un Diploma de Cortador de Jam\u00f3n por la Escuela Profesional de Cortadores de Jam\u00f3n. No es necesario que el alumno traiga nada, ya que nosotros proporcionamos todas las herramientas y materiales para realizar el curso.<\/p>\n","protected":false},"excerpt":{"rendered":"<p>El arte de cortar jam\u00f3n como un profesional<\/p>\n","protected":false},"featured_media":0,"comment_status":"open","ping_status":"closed","template":"","meta":{"_genesis_hide_title":false,"_genesis_hide_breadcrumbs":false,"_genesis_hide_singular_image":false,"_genesis_hide_footer_widgets":false,"_genesis_custom_body_class":"","_genesis_custom_post_class":"","_genesis_layout":""},"product_cat":[62],"product_tag":[],"class_list":{"0":"post-7334","1":"product","2":"type-product","3":"status-publish","5":"product_cat-ostalaritza-eta-merkataritza","6":"entry","8":"first","9":"instock","10":"virtual","11":"taxable","12":"purchasable","13":"product-type-simple"},"yoast_head":"<!-- This site is optimized with the Yoast SEO plugin v26.4 - https:\/\/yoast.com\/wordpress\/plugins\/seo\/ -->\n<title>Curso de Cortador de Jam\u00f3n | Enonocimiento Rioja Alavesa<\/title>\n<meta name=\"robots\" content=\"index, follow, max-snippet:-1, max-image-preview:large, max-video-preview:-1\" \/>\n<link rel=\"canonical\" href=\"https:\/\/www.enoconocimiento.com\/eu\/producto\/curso-de-cortador-de-jamon\/\" \/>\n<meta property=\"og:locale\" content=\"eu_ES\" \/>\n<meta property=\"og:type\" content=\"article\" \/>\n<meta property=\"og:title\" content=\"Curso de Cortador de Jam\u00f3n | Enonocimiento Rioja Alavesa\" \/>\n<meta property=\"og:description\" content=\"El arte de cortar jam\u00f3n como un profesional\" \/>\n<meta property=\"og:url\" content=\"https:\/\/www.enoconocimiento.com\/eu\/producto\/curso-de-cortador-de-jamon\/\" \/>\n<meta property=\"og:site_name\" content=\"Enonocimiento Rioja Alavesa\" \/>\n<meta property=\"article:modified_time\" content=\"2025-02-18T09:10:07+00:00\" \/>\n<meta name=\"twitter:card\" content=\"summary_large_image\" \/>\n<meta name=\"twitter:label1\" content=\"Est. reading time\" \/>\n\t<meta name=\"twitter:data1\" content=\"1 minute\" \/>\n<script type=\"application\/ld+json\" class=\"yoast-schema-graph\">{\"@context\":\"https:\/\/schema.org\",\"@graph\":[{\"@type\":\"WebPage\",\"@id\":\"https:\/\/www.enoconocimiento.com\/eu\/producto\/curso-de-cortador-de-jamon\/\",\"url\":\"https:\/\/www.enoconocimiento.com\/eu\/producto\/curso-de-cortador-de-jamon\/\",\"name\":\"Curso de Cortador de Jam\u00f3n | Enonocimiento Rioja Alavesa\",\"isPartOf\":{\"@id\":\"https:\/\/www.enoconocimiento.com\/#website\"},\"datePublished\":\"2019-02-14T10:46:05+00:00\",\"dateModified\":\"2025-02-18T09:10:07+00:00\",\"breadcrumb\":{\"@id\":\"https:\/\/www.enoconocimiento.com\/eu\/producto\/curso-de-cortador-de-jamon\/#breadcrumb\"},\"inLanguage\":\"eu-ES\",\"potentialAction\":[{\"@type\":\"ReadAction\",\"target\":[\"https:\/\/www.enoconocimiento.com\/eu\/producto\/curso-de-cortador-de-jamon\/\"]}]},{\"@type\":\"BreadcrumbList\",\"@id\":\"https:\/\/www.enoconocimiento.com\/eu\/producto\/curso-de-cortador-de-jamon\/#breadcrumb\",\"itemListElement\":[{\"@type\":\"ListItem\",\"position\":1,\"name\":\"Portada\",\"item\":\"https:\/\/www.enoconocimiento.com\/eu\/\"},{\"@type\":\"ListItem\",\"position\":2,\"name\":\"Curso de Cortador de Jam\u00f3n\"}]},{\"@type\":\"WebSite\",\"@id\":\"https:\/\/www.enoconocimiento.com\/#website\",\"url\":\"https:\/\/www.enoconocimiento.com\/\",\"name\":\"Enonocimiento Rioja Alavesa\",\"description\":\"\",\"potentialAction\":[{\"@type\":\"SearchAction\",\"target\":{\"@type\":\"EntryPoint\",\"urlTemplate\":\"https:\/\/www.enoconocimiento.com\/?s={search_term_string}\"},\"query-input\":{\"@type\":\"PropertyValueSpecification\",\"valueRequired\":true,\"valueName\":\"search_term_string\"}}],\"inLanguage\":\"eu-ES\"}]}<\/script>\n<!-- \/ Yoast SEO plugin. -->","yoast_head_json":{"title":"Curso de Cortador de Jam\u00f3n | Enonocimiento Rioja Alavesa","robots":{"index":"index","follow":"follow","max-snippet":"max-snippet:-1","max-image-preview":"max-image-preview:large","max-video-preview":"max-video-preview:-1"},"canonical":"https:\/\/www.enoconocimiento.com\/eu\/producto\/curso-de-cortador-de-jamon\/","og_locale":"eu_ES","og_type":"article","og_title":"Curso de Cortador de Jam\u00f3n | Enonocimiento Rioja Alavesa","og_description":"El arte de cortar jam\u00f3n como un profesional","og_url":"https:\/\/www.enoconocimiento.com\/eu\/producto\/curso-de-cortador-de-jamon\/","og_site_name":"Enonocimiento Rioja Alavesa","article_modified_time":"2025-02-18T09:10:07+00:00","twitter_card":"summary_large_image","twitter_misc":{"Est. reading time":"1 minute"},"schema":{"@context":"https:\/\/schema.org","@graph":[{"@type":"WebPage","@id":"https:\/\/www.enoconocimiento.com\/eu\/producto\/curso-de-cortador-de-jamon\/","url":"https:\/\/www.enoconocimiento.com\/eu\/producto\/curso-de-cortador-de-jamon\/","name":"Curso de Cortador de Jam\u00f3n | Enonocimiento Rioja Alavesa","isPartOf":{"@id":"https:\/\/www.enoconocimiento.com\/#website"},"datePublished":"2019-02-14T10:46:05+00:00","dateModified":"2025-02-18T09:10:07+00:00","breadcrumb":{"@id":"https:\/\/www.enoconocimiento.com\/eu\/producto\/curso-de-cortador-de-jamon\/#breadcrumb"},"inLanguage":"eu-ES","potentialAction":[{"@type":"ReadAction","target":["https:\/\/www.enoconocimiento.com\/eu\/producto\/curso-de-cortador-de-jamon\/"]}]},{"@type":"BreadcrumbList","@id":"https:\/\/www.enoconocimiento.com\/eu\/producto\/curso-de-cortador-de-jamon\/#breadcrumb","itemListElement":[{"@type":"ListItem","position":1,"name":"Portada","item":"https:\/\/www.enoconocimiento.com\/eu\/"},{"@type":"ListItem","position":2,"name":"Curso de Cortador de Jam\u00f3n"}]},{"@type":"WebSite","@id":"https:\/\/www.enoconocimiento.com\/#website","url":"https:\/\/www.enoconocimiento.com\/","name":"Enonocimiento Rioja Alavesa","description":"","potentialAction":[{"@type":"SearchAction","target":{"@type":"EntryPoint","urlTemplate":"https:\/\/www.enoconocimiento.com\/?s={search_term_string}"},"query-input":{"@type":"PropertyValueSpecification","valueRequired":true,"valueName":"search_term_string"}}],"inLanguage":"eu-ES"}]}},"_links":{"self":[{"href":"https:\/\/www.enoconocimiento.com\/eu\/wp-json\/wp\/v2\/product\/7334\/"}],"collection":[{"href":"https:\/\/www.enoconocimiento.com\/eu\/wp-json\/wp\/v2\/product\/"}],"about":[{"href":"https:\/\/www.enoconocimiento.com\/eu\/wp-json\/wp\/v2\/types\/product\/"}],"replies":[{"embeddable":true,"href":"https:\/\/www.enoconocimiento.com\/eu\/wp-json\/wp\/v2\/comments\/?post=7334"}],"wp:attachment":[{"href":"https:\/\/www.enoconocimiento.com\/eu\/wp-json\/wp\/v2\/media\/?parent=7334"}],"wp:term":[{"taxonomy":"product_cat","embeddable":true,"href":"https:\/\/www.enoconocimiento.com\/eu\/wp-json\/wp\/v2\/product_cat\/?post=7334"},{"taxonomy":"product_tag","embeddable":true,"href":"https:\/\/www.enoconocimiento.com\/eu\/wp-json\/wp\/v2\/product_tag\/?post=7334"}],"curies":[{"name":"wp","href":"https:\/\/api.w.org\/{rel}","templated":true}]}}