{"id":7333,"date":"2019-04-30T10:02:57","date_gmt":"2019-04-30T08:02:57","guid":{"rendered":"https:\/\/www.enoconocimiento.com\/producto\/septimo-encuentro-de-la-cultura-e-historia-del-vino-navaridas-portugal\/"},"modified":"2025-02-18T10:08:29","modified_gmt":"2025-02-18T09:08:29","slug":"septimo-encuentro-de-la-cultura-e-historia-del-vino-navaridas-portugal","status":"publish","type":"product","link":"https:\/\/www.enoconocimiento.com\/eu\/producto\/septimo-encuentro-de-la-cultura-e-historia-del-vino-navaridas-portugal\/","title":{"rendered":"S\u00e9ptimo encuentro de la cultura e historia del vino. Navaridas-Portugal"},"content":{"rendered":"<h3>Objetivos<\/h3>\n<p>Conocer diferentes ejemplos de calidad y singularidad.<\/p>\n<p>Profundizar en el conocimiento de otras culturas del vino.<\/p>\n<p>Conocer el mundo y la cultura del vino en Portugal.<\/p>\n<p>Conocer las caracter\u00edsticas y la elaboraci\u00f3n del vino en Portugal.<\/p>\n<h3>Contenidos<\/h3>\n<ul>\n<li>\u00bfCu\u00e1les son las claves de la calidad y la singularidad? Presente y futuro.<\/li>\n<li>Retos.<\/li>\n<li>\u00bfC\u00f3mo interpretamos esos factores a trav\u00e9s de los sentidos?<\/li>\n<li>Cata comentada de vinos de Portugal y Navaridas-Rioja Alavesa.<\/li>\n<\/ul>\n<h3>Imparte<\/h3>\n<p><strong>I\u00f1aki Suarez,<\/strong> expresidente de la Uni\u00f3n de Asociaciones Espa\u00f1olas de Sumilleres UAES, miembro del Comit\u00e9 T\u00e9cnico de la UAES, miembro del Comit\u00e9 T\u00e9cnico de Cata D.O. Bizkaiko Txakolina y miembro del Comit\u00e9 T\u00e9cnico de la Asociaci\u00f3n Internacional de Sumilleres.<\/p>\n<p><strong>In\u00e9s Baigorri,<\/strong> gerente de ABRA (Asociaci\u00f3n de Bodegas de Rioja Alavesa).<\/p>\n<p><strong>Paulo Amorim,<\/strong> presidente of Anceve \u2013 Portuguese Association of Wines &amp; Spirits y miembro del Consejo Consultivo del Instituto de la Vi\u00f1a y el Vino.<\/p>\n","protected":false},"excerpt":{"rendered":"<p>Calidad y singularidad: punto de encuentro<\/p>\n","protected":false},"featured_media":0,"comment_status":"open","ping_status":"closed","template":"","meta":{"_genesis_hide_title":false,"_genesis_hide_breadcrumbs":false,"_genesis_hide_singular_image":false,"_genesis_hide_footer_widgets":false,"_genesis_custom_body_class":"","_genesis_custom_post_class":"","_genesis_layout":""},"product_cat":[62],"product_tag":[],"class_list":{"0":"post-7333","1":"product","2":"type-product","3":"status-publish","5":"product_cat-ostalaritza-eta-merkataritza","6":"entry","8":"first","9":"instock","10":"virtual","11":"taxable","12":"purchasable","13":"product-type-simple"},"yoast_head":"<!-- This site is optimized with the Yoast SEO plugin v26.4 - https:\/\/yoast.com\/wordpress\/plugins\/seo\/ -->\n<title>S\u00e9ptimo encuentro de la cultura e historia del vino. Navaridas-Portugal | Enonocimiento Rioja Alavesa<\/title>\n<meta name=\"robots\" content=\"index, follow, max-snippet:-1, max-image-preview:large, max-video-preview:-1\" \/>\n<link rel=\"canonical\" href=\"https:\/\/www.enoconocimiento.com\/eu\/producto\/septimo-encuentro-de-la-cultura-e-historia-del-vino-navaridas-portugal\/\" \/>\n<meta property=\"og:locale\" content=\"eu_ES\" \/>\n<meta property=\"og:type\" content=\"article\" \/>\n<meta property=\"og:title\" content=\"S\u00e9ptimo encuentro de la cultura e historia del vino. Navaridas-Portugal | Enonocimiento Rioja Alavesa\" \/>\n<meta property=\"og:description\" content=\"Calidad y singularidad: punto de encuentro\" \/>\n<meta property=\"og:url\" content=\"https:\/\/www.enoconocimiento.com\/eu\/producto\/septimo-encuentro-de-la-cultura-e-historia-del-vino-navaridas-portugal\/\" \/>\n<meta property=\"og:site_name\" content=\"Enonocimiento Rioja Alavesa\" \/>\n<meta property=\"article:modified_time\" content=\"2025-02-18T09:08:29+00:00\" \/>\n<meta name=\"twitter:card\" content=\"summary_large_image\" \/>\n<meta name=\"twitter:label1\" content=\"Est. reading time\" \/>\n\t<meta name=\"twitter:data1\" content=\"1 minute\" \/>\n<script type=\"application\/ld+json\" class=\"yoast-schema-graph\">{\"@context\":\"https:\/\/schema.org\",\"@graph\":[{\"@type\":\"WebPage\",\"@id\":\"https:\/\/www.enoconocimiento.com\/eu\/producto\/septimo-encuentro-de-la-cultura-e-historia-del-vino-navaridas-portugal\/\",\"url\":\"https:\/\/www.enoconocimiento.com\/eu\/producto\/septimo-encuentro-de-la-cultura-e-historia-del-vino-navaridas-portugal\/\",\"name\":\"S\u00e9ptimo encuentro de la cultura e historia del vino. Navaridas-Portugal | Enonocimiento Rioja Alavesa\",\"isPartOf\":{\"@id\":\"https:\/\/www.enoconocimiento.com\/#website\"},\"datePublished\":\"2019-04-30T08:02:57+00:00\",\"dateModified\":\"2025-02-18T09:08:29+00:00\",\"breadcrumb\":{\"@id\":\"https:\/\/www.enoconocimiento.com\/eu\/producto\/septimo-encuentro-de-la-cultura-e-historia-del-vino-navaridas-portugal\/#breadcrumb\"},\"inLanguage\":\"eu-ES\",\"potentialAction\":[{\"@type\":\"ReadAction\",\"target\":[\"https:\/\/www.enoconocimiento.com\/eu\/producto\/septimo-encuentro-de-la-cultura-e-historia-del-vino-navaridas-portugal\/\"]}]},{\"@type\":\"BreadcrumbList\",\"@id\":\"https:\/\/www.enoconocimiento.com\/eu\/producto\/septimo-encuentro-de-la-cultura-e-historia-del-vino-navaridas-portugal\/#breadcrumb\",\"itemListElement\":[{\"@type\":\"ListItem\",\"position\":1,\"name\":\"Portada\",\"item\":\"https:\/\/www.enoconocimiento.com\/eu\/\"},{\"@type\":\"ListItem\",\"position\":2,\"name\":\"S\u00e9ptimo encuentro de la cultura e historia del vino. Navaridas-Portugal\"}]},{\"@type\":\"WebSite\",\"@id\":\"https:\/\/www.enoconocimiento.com\/#website\",\"url\":\"https:\/\/www.enoconocimiento.com\/\",\"name\":\"Enonocimiento Rioja Alavesa\",\"description\":\"\",\"potentialAction\":[{\"@type\":\"SearchAction\",\"target\":{\"@type\":\"EntryPoint\",\"urlTemplate\":\"https:\/\/www.enoconocimiento.com\/?s={search_term_string}\"},\"query-input\":{\"@type\":\"PropertyValueSpecification\",\"valueRequired\":true,\"valueName\":\"search_term_string\"}}],\"inLanguage\":\"eu-ES\"}]}<\/script>\n<!-- \/ Yoast SEO plugin. -->","yoast_head_json":{"title":"S\u00e9ptimo encuentro de la cultura e historia del vino. Navaridas-Portugal | Enonocimiento Rioja Alavesa","robots":{"index":"index","follow":"follow","max-snippet":"max-snippet:-1","max-image-preview":"max-image-preview:large","max-video-preview":"max-video-preview:-1"},"canonical":"https:\/\/www.enoconocimiento.com\/eu\/producto\/septimo-encuentro-de-la-cultura-e-historia-del-vino-navaridas-portugal\/","og_locale":"eu_ES","og_type":"article","og_title":"S\u00e9ptimo encuentro de la cultura e historia del vino. Navaridas-Portugal | Enonocimiento Rioja Alavesa","og_description":"Calidad y singularidad: punto de encuentro","og_url":"https:\/\/www.enoconocimiento.com\/eu\/producto\/septimo-encuentro-de-la-cultura-e-historia-del-vino-navaridas-portugal\/","og_site_name":"Enonocimiento Rioja Alavesa","article_modified_time":"2025-02-18T09:08:29+00:00","twitter_card":"summary_large_image","twitter_misc":{"Est. reading time":"1 minute"},"schema":{"@context":"https:\/\/schema.org","@graph":[{"@type":"WebPage","@id":"https:\/\/www.enoconocimiento.com\/eu\/producto\/septimo-encuentro-de-la-cultura-e-historia-del-vino-navaridas-portugal\/","url":"https:\/\/www.enoconocimiento.com\/eu\/producto\/septimo-encuentro-de-la-cultura-e-historia-del-vino-navaridas-portugal\/","name":"S\u00e9ptimo encuentro de la cultura e historia del vino. Navaridas-Portugal | Enonocimiento Rioja Alavesa","isPartOf":{"@id":"https:\/\/www.enoconocimiento.com\/#website"},"datePublished":"2019-04-30T08:02:57+00:00","dateModified":"2025-02-18T09:08:29+00:00","breadcrumb":{"@id":"https:\/\/www.enoconocimiento.com\/eu\/producto\/septimo-encuentro-de-la-cultura-e-historia-del-vino-navaridas-portugal\/#breadcrumb"},"inLanguage":"eu-ES","potentialAction":[{"@type":"ReadAction","target":["https:\/\/www.enoconocimiento.com\/eu\/producto\/septimo-encuentro-de-la-cultura-e-historia-del-vino-navaridas-portugal\/"]}]},{"@type":"BreadcrumbList","@id":"https:\/\/www.enoconocimiento.com\/eu\/producto\/septimo-encuentro-de-la-cultura-e-historia-del-vino-navaridas-portugal\/#breadcrumb","itemListElement":[{"@type":"ListItem","position":1,"name":"Portada","item":"https:\/\/www.enoconocimiento.com\/eu\/"},{"@type":"ListItem","position":2,"name":"S\u00e9ptimo encuentro de la cultura e historia del vino. Navaridas-Portugal"}]},{"@type":"WebSite","@id":"https:\/\/www.enoconocimiento.com\/#website","url":"https:\/\/www.enoconocimiento.com\/","name":"Enonocimiento Rioja Alavesa","description":"","potentialAction":[{"@type":"SearchAction","target":{"@type":"EntryPoint","urlTemplate":"https:\/\/www.enoconocimiento.com\/?s={search_term_string}"},"query-input":{"@type":"PropertyValueSpecification","valueRequired":true,"valueName":"search_term_string"}}],"inLanguage":"eu-ES"}]}},"_links":{"self":[{"href":"https:\/\/www.enoconocimiento.com\/eu\/wp-json\/wp\/v2\/product\/7333\/"}],"collection":[{"href":"https:\/\/www.enoconocimiento.com\/eu\/wp-json\/wp\/v2\/product\/"}],"about":[{"href":"https:\/\/www.enoconocimiento.com\/eu\/wp-json\/wp\/v2\/types\/product\/"}],"replies":[{"embeddable":true,"href":"https:\/\/www.enoconocimiento.com\/eu\/wp-json\/wp\/v2\/comments\/?post=7333"}],"wp:attachment":[{"href":"https:\/\/www.enoconocimiento.com\/eu\/wp-json\/wp\/v2\/media\/?parent=7333"}],"wp:term":[{"taxonomy":"product_cat","embeddable":true,"href":"https:\/\/www.enoconocimiento.com\/eu\/wp-json\/wp\/v2\/product_cat\/?post=7333"},{"taxonomy":"product_tag","embeddable":true,"href":"https:\/\/www.enoconocimiento.com\/eu\/wp-json\/wp\/v2\/product_tag\/?post=7333"}],"curies":[{"name":"wp","href":"https:\/\/api.w.org\/{rel}","templated":true}]}}