{"id":7332,"date":"2020-04-13T10:03:32","date_gmt":"2020-04-13T08:03:32","guid":{"rendered":"https:\/\/www.enoconocimiento.com\/producto\/webinar-como-organizar-catas-virtuales\/"},"modified":"2025-02-18T10:05:31","modified_gmt":"2025-02-18T09:05:31","slug":"webinar-como-organizar-catas-virtuales","status":"publish","type":"product","link":"https:\/\/www.enoconocimiento.com\/eu\/producto\/webinar-como-organizar-catas-virtuales\/","title":{"rendered":"Webinar: C\u00f3mo organizar catas virtuales"},"content":{"rendered":"<h3>Curso Online<\/h3>\n<p>Si algo hemos aprendido estos d\u00edas es que la distancia no es sin\u00f3nimo de lejan\u00eda y que a trav\u00e9s de una pantalla se puede transmitir mucha emoci\u00f3n.<\/p>\n<p>As\u00ed que, como los visitantes no pueden venir a nuestras bodegas, nosotros tendremos que ir a sus casa. Y para eso, te proponemos un webinar gratuito para que aprendas a organizar catas virtuales a trav\u00e9s de un contenido muy pr\u00e1ctico.<\/p>\n<h3>Contenidos<\/h3>\n<blockquote>\n<div>\n<div>\n<ul>\n<li>Criterios para elegir el\u00a0software\u00a0que se necesita.<\/li>\n<li>Consejos para dise\u00f1ar la\u00a0iluminaci\u00f3n\u00a0y los\u00a0fondos<\/li>\n<li>Estrategias para\u00a0motivar a los asistentes\u00a0y que interact\u00faen<\/li>\n<li>C\u00f3mo definir el tama\u00f1o del\u00a0grupo, la\u00a0duraci\u00f3n\u00a0y los temas de\u00a0conversaci\u00f3n<\/li>\n<li>Tips sobre\u00a0&#8220;qu\u00e9 hacer&#8221; y &#8220;qu\u00e9 no hacer&#8221;\u00a0durante la cata.<\/li>\n<\/ul>\n<\/div>\n<\/div>\n<\/blockquote>\n","protected":false},"excerpt":{"rendered":"<p>Aprende a organizar catas online con este webinar<\/p>\n","protected":false},"featured_media":0,"comment_status":"open","ping_status":"closed","template":"","meta":{"_genesis_hide_title":false,"_genesis_hide_breadcrumbs":false,"_genesis_hide_singular_image":false,"_genesis_hide_footer_widgets":false,"_genesis_custom_body_class":"","_genesis_custom_post_class":"","_genesis_layout":""},"product_cat":[62],"product_tag":[],"class_list":{"0":"post-7332","1":"product","2":"type-product","3":"status-publish","5":"product_cat-ostalaritza-eta-merkataritza","6":"entry","8":"first","9":"instock","10":"featured","11":"virtual","12":"taxable","13":"purchasable","14":"product-type-simple"},"yoast_head":"<!-- This site is optimized with the Yoast SEO plugin v26.4 - https:\/\/yoast.com\/wordpress\/plugins\/seo\/ -->\n<title>Webinar: C\u00f3mo organizar catas virtuales | Enonocimiento Rioja Alavesa<\/title>\n<meta name=\"robots\" content=\"index, follow, max-snippet:-1, max-image-preview:large, max-video-preview:-1\" \/>\n<link rel=\"canonical\" href=\"https:\/\/www.enoconocimiento.com\/eu\/producto\/webinar-como-organizar-catas-virtuales\/\" \/>\n<meta property=\"og:locale\" content=\"eu_ES\" \/>\n<meta property=\"og:type\" content=\"article\" \/>\n<meta property=\"og:title\" content=\"Webinar: C\u00f3mo organizar catas virtuales | Enonocimiento Rioja Alavesa\" \/>\n<meta property=\"og:description\" content=\"Aprende a organizar catas online con este webinar\" \/>\n<meta property=\"og:url\" content=\"https:\/\/www.enoconocimiento.com\/eu\/producto\/webinar-como-organizar-catas-virtuales\/\" \/>\n<meta property=\"og:site_name\" content=\"Enonocimiento Rioja Alavesa\" \/>\n<meta property=\"article:modified_time\" content=\"2025-02-18T09:05:31+00:00\" \/>\n<meta name=\"twitter:card\" content=\"summary_large_image\" \/>\n<meta name=\"twitter:label1\" content=\"Est. reading time\" \/>\n\t<meta name=\"twitter:data1\" content=\"1 minute\" \/>\n<script type=\"application\/ld+json\" class=\"yoast-schema-graph\">{\"@context\":\"https:\/\/schema.org\",\"@graph\":[{\"@type\":\"WebPage\",\"@id\":\"https:\/\/www.enoconocimiento.com\/eu\/producto\/webinar-como-organizar-catas-virtuales\/\",\"url\":\"https:\/\/www.enoconocimiento.com\/eu\/producto\/webinar-como-organizar-catas-virtuales\/\",\"name\":\"Webinar: C\u00f3mo organizar catas virtuales | Enonocimiento Rioja Alavesa\",\"isPartOf\":{\"@id\":\"https:\/\/www.enoconocimiento.com\/#website\"},\"datePublished\":\"2020-04-13T08:03:32+00:00\",\"dateModified\":\"2025-02-18T09:05:31+00:00\",\"breadcrumb\":{\"@id\":\"https:\/\/www.enoconocimiento.com\/eu\/producto\/webinar-como-organizar-catas-virtuales\/#breadcrumb\"},\"inLanguage\":\"eu-ES\",\"potentialAction\":[{\"@type\":\"ReadAction\",\"target\":[\"https:\/\/www.enoconocimiento.com\/eu\/producto\/webinar-como-organizar-catas-virtuales\/\"]}]},{\"@type\":\"BreadcrumbList\",\"@id\":\"https:\/\/www.enoconocimiento.com\/eu\/producto\/webinar-como-organizar-catas-virtuales\/#breadcrumb\",\"itemListElement\":[{\"@type\":\"ListItem\",\"position\":1,\"name\":\"Portada\",\"item\":\"https:\/\/www.enoconocimiento.com\/eu\/\"},{\"@type\":\"ListItem\",\"position\":2,\"name\":\"Webinar: C\u00f3mo organizar catas virtuales\"}]},{\"@type\":\"WebSite\",\"@id\":\"https:\/\/www.enoconocimiento.com\/#website\",\"url\":\"https:\/\/www.enoconocimiento.com\/\",\"name\":\"Enonocimiento Rioja Alavesa\",\"description\":\"\",\"potentialAction\":[{\"@type\":\"SearchAction\",\"target\":{\"@type\":\"EntryPoint\",\"urlTemplate\":\"https:\/\/www.enoconocimiento.com\/?s={search_term_string}\"},\"query-input\":{\"@type\":\"PropertyValueSpecification\",\"valueRequired\":true,\"valueName\":\"search_term_string\"}}],\"inLanguage\":\"eu-ES\"}]}<\/script>\n<!-- \/ Yoast SEO plugin. -->","yoast_head_json":{"title":"Webinar: C\u00f3mo organizar catas virtuales | Enonocimiento Rioja Alavesa","robots":{"index":"index","follow":"follow","max-snippet":"max-snippet:-1","max-image-preview":"max-image-preview:large","max-video-preview":"max-video-preview:-1"},"canonical":"https:\/\/www.enoconocimiento.com\/eu\/producto\/webinar-como-organizar-catas-virtuales\/","og_locale":"eu_ES","og_type":"article","og_title":"Webinar: C\u00f3mo organizar catas virtuales | Enonocimiento Rioja Alavesa","og_description":"Aprende a organizar catas online con este webinar","og_url":"https:\/\/www.enoconocimiento.com\/eu\/producto\/webinar-como-organizar-catas-virtuales\/","og_site_name":"Enonocimiento Rioja Alavesa","article_modified_time":"2025-02-18T09:05:31+00:00","twitter_card":"summary_large_image","twitter_misc":{"Est. reading time":"1 minute"},"schema":{"@context":"https:\/\/schema.org","@graph":[{"@type":"WebPage","@id":"https:\/\/www.enoconocimiento.com\/eu\/producto\/webinar-como-organizar-catas-virtuales\/","url":"https:\/\/www.enoconocimiento.com\/eu\/producto\/webinar-como-organizar-catas-virtuales\/","name":"Webinar: C\u00f3mo organizar catas virtuales | Enonocimiento Rioja Alavesa","isPartOf":{"@id":"https:\/\/www.enoconocimiento.com\/#website"},"datePublished":"2020-04-13T08:03:32+00:00","dateModified":"2025-02-18T09:05:31+00:00","breadcrumb":{"@id":"https:\/\/www.enoconocimiento.com\/eu\/producto\/webinar-como-organizar-catas-virtuales\/#breadcrumb"},"inLanguage":"eu-ES","potentialAction":[{"@type":"ReadAction","target":["https:\/\/www.enoconocimiento.com\/eu\/producto\/webinar-como-organizar-catas-virtuales\/"]}]},{"@type":"BreadcrumbList","@id":"https:\/\/www.enoconocimiento.com\/eu\/producto\/webinar-como-organizar-catas-virtuales\/#breadcrumb","itemListElement":[{"@type":"ListItem","position":1,"name":"Portada","item":"https:\/\/www.enoconocimiento.com\/eu\/"},{"@type":"ListItem","position":2,"name":"Webinar: C\u00f3mo organizar catas virtuales"}]},{"@type":"WebSite","@id":"https:\/\/www.enoconocimiento.com\/#website","url":"https:\/\/www.enoconocimiento.com\/","name":"Enonocimiento Rioja Alavesa","description":"","potentialAction":[{"@type":"SearchAction","target":{"@type":"EntryPoint","urlTemplate":"https:\/\/www.enoconocimiento.com\/?s={search_term_string}"},"query-input":{"@type":"PropertyValueSpecification","valueRequired":true,"valueName":"search_term_string"}}],"inLanguage":"eu-ES"}]}},"_links":{"self":[{"href":"https:\/\/www.enoconocimiento.com\/eu\/wp-json\/wp\/v2\/product\/7332\/"}],"collection":[{"href":"https:\/\/www.enoconocimiento.com\/eu\/wp-json\/wp\/v2\/product\/"}],"about":[{"href":"https:\/\/www.enoconocimiento.com\/eu\/wp-json\/wp\/v2\/types\/product\/"}],"replies":[{"embeddable":true,"href":"https:\/\/www.enoconocimiento.com\/eu\/wp-json\/wp\/v2\/comments\/?post=7332"}],"wp:attachment":[{"href":"https:\/\/www.enoconocimiento.com\/eu\/wp-json\/wp\/v2\/media\/?parent=7332"}],"wp:term":[{"taxonomy":"product_cat","embeddable":true,"href":"https:\/\/www.enoconocimiento.com\/eu\/wp-json\/wp\/v2\/product_cat\/?post=7332"},{"taxonomy":"product_tag","embeddable":true,"href":"https:\/\/www.enoconocimiento.com\/eu\/wp-json\/wp\/v2\/product_tag\/?post=7332"}],"curies":[{"name":"wp","href":"https:\/\/api.w.org\/{rel}","templated":true}]}}