{"id":7329,"date":"2020-05-06T14:34:55","date_gmt":"2020-05-06T12:34:55","guid":{"rendered":"https:\/\/www.enoconocimiento.com\/producto\/otros-cursos-de-formacion-covid-19-2\/"},"modified":"2025-02-18T10:15:03","modified_gmt":"2025-02-18T09:15:03","slug":"otros-cursos-de-formacion-covid-19-2","status":"publish","type":"product","link":"https:\/\/www.enoconocimiento.com\/eu\/producto\/otros-cursos-de-formacion-covid-19-2\/","title":{"rendered":"Otros cursos de formaci\u00f3n online"},"content":{"rendered":"<h3>Otros cursos online gratuitos (COVID-19)<\/h3>\n<p>En esta p\u00edldora recogemos diversos contenidos online gratuitos (cursos, webinars, documentos y recursos, etc.) organizados por otras entidades y que estar\u00e1n activos mientras dure esta situaci\u00f3n at\u00edpica frente al COVID-19.<\/p>\n<p>Pod\u00e9is ver la informaci\u00f3n detallada y las inscripciones para cada uno de ellos clicando en las palabras destacadas en dorado.<\/p>\n<p>&nbsp;<\/p>\n<ul>\n<li><strong>Ahora<\/strong><strong> Turismo: <\/strong>ofrece diferentes <a target=\"_blank\" href=\"https:\/\/ahoraturismo.com\/blog\/\" rel=\"noopener noreferrer\">webinars<\/a> para profesionales del sector del turismo.<\/li>\n<li><strong>Hazi:<\/strong>\u00a0<a target=\"_blank\" href=\"https:\/\/fpe.hazi.eus\/comunicacion\/default.asp?id=es\" rel=\"noopener noreferrer\">cursos y talleres<\/a> gratuitos de diversas tipolog\u00edas (emprendimiento, estrategias de venta, etc.).<\/li>\n<\/ul>\n<ul>\n<li><strong>Programa Anfitriones: <\/strong>ofrece <a target=\"_blank\" href=\"http:\/\/www.anfitrionesturismo.es\/covid19\/covid19-cursos\/\" rel=\"noopener noreferrer\">diferentes cursos online<\/a> para profesionales del sector, as\u00ed como opci\u00f3n a consultar el <a target=\"_blank\" href=\"http:\/\/www.anfitrionesturismo.es\/covid19\/materiales-anfitriones-abiertos\/\" rel=\"noopener noreferrer\">material formativo<\/a>.<\/li>\n<\/ul>\n<ul>\n<li><strong>Cursos Femxa (SEPE: Ministerio de Trabajo del Gobierno de Espa\u00f1a): <\/strong>cursos gratuitos para <a target=\"_blank\" href=\"https:\/\/www.cursosfemxa.es\/cursos-online-gratuitos-convocatoria-estatal\" rel=\"noopener noreferrer\">aut\u00f3nomos<\/a> y cursos especializados en <a target=\"_blank\" href=\"https:\/\/www.cursosfemxa.es\/cursos-online-gratuitos-trabajadores-autonomos-hosteleriaturismo\" rel=\"noopener noreferrer\">Hosteler\u00eda y Turismo<\/a>.<\/li>\n<\/ul>\n<ul>\n<li><b>Google: <\/b>ofrece hasta <a target=\"_blank\" href=\"https:\/\/learndigital.withgoogle.com\/activate\/courses\" rel=\"noopener noreferrer\">33 cursos<\/a> de diferente dificultad relacionados con el Marketing Digital, publicidad, la comunicaci\u00f3n, etc.<\/li>\n<\/ul>\n<ul>\n<li><strong>Clubrural:<\/strong>\u00a0ofrece <a target=\"_blank\" href=\"https:\/\/www.clubrural.com\/geektraveltrends\" rel=\"noopener noreferrer\">informaci\u00f3n y formaci\u00f3n<\/a> sobre reputaci\u00f3n online, redes sociales, tendencias en el turismo rural.<\/li>\n<\/ul>\n<ul>\n<li><strong>British Council: <\/strong>pone a disposici\u00f3n <a target=\"_blank\" href=\"https:\/\/www.britishcouncil.es\/ingles\/aprender-online\/en-casa\" rel=\"noopener noreferrer\">recursos gratuitos online<\/a> para el aprendizaje de ingl\u00e9s.<\/li>\n<\/ul>\n<ul>\n<li><strong>Cambridge:<\/strong>\u00a0diferentes<a target=\"_blank\" href=\"https:\/\/cambridgeparati.es\/resources\/students\" rel=\"noopener noreferrer\"> recursos para aprender ingl\u00e9s<\/a> gratuitos.<\/li>\n<\/ul>\n<ul>\n<li><strong>Alliance Fran\u00e7aise: <\/strong>pone a disposici\u00f3n de quien desee diferentes recursos gratuitos para el <a target=\"_blank\" href=\"https:\/\/www.francesonlineaf.com\/comunidad\/category\/frances-ejercicios\/\" rel=\"noopener noreferrer\">aprendizaje del franc\u00e9s<\/a>.<\/li>\n<\/ul>\n<ul>\n<li><strong>Ostelea: <\/strong><a target=\"_blank\" href=\"https:\/\/www.youtube.com\/channel\/UCuRe7lcmWiGsGFeYoRdnBaQ\/videos\" rel=\"noopener noreferrer\">webinars<\/a> impartidos por profesionales del sector que se publican de forma peri\u00f3dica en Youtube a lo largo del a\u00f1o relativos al mundo del turismo.<\/li>\n<\/ul>\n<ul>\n<li><strong>Hosteltur: <\/strong><a target=\"_blank\" href=\"https:\/\/www.hosteltur.com\/webinars\" rel=\"noopener noreferrer\">seminarios online<\/a> para profesionales del sector tur\u00edstico impartidos por expertos en hoteler\u00eda, intermediaci\u00f3n tur\u00edstica, cruceros, destinos tur\u00edsticos, tecnolog\u00eda y marketing.<\/li>\n<\/ul>\n<ul>\n<li><strong>360 Hotel Management: <\/strong><a target=\"_blank\" href=\"https:\/\/360hotelmanagement.es\/categoria-producto\/webinar\/\" rel=\"noopener noreferrer\">webinars y conversaciones<\/a> con profesionales.<\/li>\n<\/ul>\n","protected":false},"excerpt":{"rendered":"<p>Otros cursos online gratuitos (COVID-19) En esta p\u00edldora recogemos diversos contenidos online gratuitos (cursos, webinars, documentos y recursos, etc.) organizados por otras entidades y que estar\u00e1n activos mientras dure esta situaci\u00f3n at\u00edpica frente al COVID-19. Pod\u00e9is ver la informaci\u00f3n detallada y las inscripciones para cada uno de ellos clicando en las palabras destacadas en dorado.<a class=\"more-link\" href=\"https:\/\/www.enoconocimiento.com\/eu\/producto\/otros-cursos-de-formacion-covid-19-2\/\"> Read More <i class=\"fa fa-angle-double-right\"><\/i><\/a><\/p>\n","protected":false},"featured_media":0,"comment_status":"open","ping_status":"closed","template":"","meta":{"_genesis_hide_title":false,"_genesis_hide_breadcrumbs":false,"_genesis_hide_singular_image":false,"_genesis_hide_footer_widgets":false,"_genesis_custom_body_class":"","_genesis_custom_post_class":"","_genesis_layout":""},"product_cat":[85],"product_tag":[],"class_list":{"0":"post-7329","1":"product","2":"type-product","3":"status-publish","5":"product_cat-sin-categoria-eu","6":"entry","8":"first","9":"instock","10":"featured","11":"taxable","12":"shipping-taxable","13":"purchasable","14":"product-type-simple"},"yoast_head":"<!-- This site is optimized with the Yoast SEO plugin v26.4 - https:\/\/yoast.com\/wordpress\/plugins\/seo\/ -->\n<title>Otros cursos de formaci\u00f3n online | Enonocimiento Rioja Alavesa<\/title>\n<meta name=\"robots\" content=\"index, follow, max-snippet:-1, max-image-preview:large, max-video-preview:-1\" \/>\n<link rel=\"canonical\" href=\"https:\/\/www.enoconocimiento.com\/eu\/producto\/otros-cursos-de-formacion-covid-19-2\/\" \/>\n<meta property=\"og:locale\" content=\"eu_ES\" \/>\n<meta property=\"og:type\" content=\"article\" \/>\n<meta property=\"og:title\" content=\"Otros cursos de formaci\u00f3n online | Enonocimiento Rioja Alavesa\" \/>\n<meta property=\"og:description\" content=\"Otros cursos online gratuitos (COVID-19) En esta p\u00edldora recogemos diversos contenidos online gratuitos (cursos, webinars, documentos y recursos, etc.) organizados por otras entidades y que estar\u00e1n activos mientras dure esta situaci\u00f3n at\u00edpica frente al COVID-19. Pod\u00e9is ver la informaci\u00f3n detallada y las inscripciones para cada uno de ellos clicando en las palabras destacadas en dorado. Read More\" \/>\n<meta property=\"og:url\" content=\"https:\/\/www.enoconocimiento.com\/eu\/producto\/otros-cursos-de-formacion-covid-19-2\/\" \/>\n<meta property=\"og:site_name\" content=\"Enonocimiento Rioja Alavesa\" \/>\n<meta property=\"article:modified_time\" content=\"2025-02-18T09:15:03+00:00\" \/>\n<meta name=\"twitter:card\" content=\"summary_large_image\" \/>\n<meta name=\"twitter:label1\" content=\"Est. reading time\" \/>\n\t<meta name=\"twitter:data1\" content=\"1 minute\" \/>\n<script type=\"application\/ld+json\" class=\"yoast-schema-graph\">{\"@context\":\"https:\/\/schema.org\",\"@graph\":[{\"@type\":\"WebPage\",\"@id\":\"https:\/\/www.enoconocimiento.com\/eu\/producto\/otros-cursos-de-formacion-covid-19-2\/\",\"url\":\"https:\/\/www.enoconocimiento.com\/eu\/producto\/otros-cursos-de-formacion-covid-19-2\/\",\"name\":\"Otros cursos de formaci\u00f3n online | Enonocimiento Rioja Alavesa\",\"isPartOf\":{\"@id\":\"https:\/\/www.enoconocimiento.com\/#website\"},\"datePublished\":\"2020-05-06T12:34:55+00:00\",\"dateModified\":\"2025-02-18T09:15:03+00:00\",\"breadcrumb\":{\"@id\":\"https:\/\/www.enoconocimiento.com\/eu\/producto\/otros-cursos-de-formacion-covid-19-2\/#breadcrumb\"},\"inLanguage\":\"eu-ES\",\"potentialAction\":[{\"@type\":\"ReadAction\",\"target\":[\"https:\/\/www.enoconocimiento.com\/eu\/producto\/otros-cursos-de-formacion-covid-19-2\/\"]}]},{\"@type\":\"BreadcrumbList\",\"@id\":\"https:\/\/www.enoconocimiento.com\/eu\/producto\/otros-cursos-de-formacion-covid-19-2\/#breadcrumb\",\"itemListElement\":[{\"@type\":\"ListItem\",\"position\":1,\"name\":\"Portada\",\"item\":\"https:\/\/www.enoconocimiento.com\/eu\/\"},{\"@type\":\"ListItem\",\"position\":2,\"name\":\"Otros cursos de formaci\u00f3n online\"}]},{\"@type\":\"WebSite\",\"@id\":\"https:\/\/www.enoconocimiento.com\/#website\",\"url\":\"https:\/\/www.enoconocimiento.com\/\",\"name\":\"Enonocimiento Rioja Alavesa\",\"description\":\"\",\"potentialAction\":[{\"@type\":\"SearchAction\",\"target\":{\"@type\":\"EntryPoint\",\"urlTemplate\":\"https:\/\/www.enoconocimiento.com\/?s={search_term_string}\"},\"query-input\":{\"@type\":\"PropertyValueSpecification\",\"valueRequired\":true,\"valueName\":\"search_term_string\"}}],\"inLanguage\":\"eu-ES\"}]}<\/script>\n<!-- \/ Yoast SEO plugin. -->","yoast_head_json":{"title":"Otros cursos de formaci\u00f3n online | Enonocimiento Rioja Alavesa","robots":{"index":"index","follow":"follow","max-snippet":"max-snippet:-1","max-image-preview":"max-image-preview:large","max-video-preview":"max-video-preview:-1"},"canonical":"https:\/\/www.enoconocimiento.com\/eu\/producto\/otros-cursos-de-formacion-covid-19-2\/","og_locale":"eu_ES","og_type":"article","og_title":"Otros cursos de formaci\u00f3n online | Enonocimiento Rioja Alavesa","og_description":"Otros cursos online gratuitos (COVID-19) En esta p\u00edldora recogemos diversos contenidos online gratuitos (cursos, webinars, documentos y recursos, etc.) organizados por otras entidades y que estar\u00e1n activos mientras dure esta situaci\u00f3n at\u00edpica frente al COVID-19. Pod\u00e9is ver la informaci\u00f3n detallada y las inscripciones para cada uno de ellos clicando en las palabras destacadas en dorado. Read More","og_url":"https:\/\/www.enoconocimiento.com\/eu\/producto\/otros-cursos-de-formacion-covid-19-2\/","og_site_name":"Enonocimiento Rioja Alavesa","article_modified_time":"2025-02-18T09:15:03+00:00","twitter_card":"summary_large_image","twitter_misc":{"Est. reading time":"1 minute"},"schema":{"@context":"https:\/\/schema.org","@graph":[{"@type":"WebPage","@id":"https:\/\/www.enoconocimiento.com\/eu\/producto\/otros-cursos-de-formacion-covid-19-2\/","url":"https:\/\/www.enoconocimiento.com\/eu\/producto\/otros-cursos-de-formacion-covid-19-2\/","name":"Otros cursos de formaci\u00f3n online | Enonocimiento Rioja Alavesa","isPartOf":{"@id":"https:\/\/www.enoconocimiento.com\/#website"},"datePublished":"2020-05-06T12:34:55+00:00","dateModified":"2025-02-18T09:15:03+00:00","breadcrumb":{"@id":"https:\/\/www.enoconocimiento.com\/eu\/producto\/otros-cursos-de-formacion-covid-19-2\/#breadcrumb"},"inLanguage":"eu-ES","potentialAction":[{"@type":"ReadAction","target":["https:\/\/www.enoconocimiento.com\/eu\/producto\/otros-cursos-de-formacion-covid-19-2\/"]}]},{"@type":"BreadcrumbList","@id":"https:\/\/www.enoconocimiento.com\/eu\/producto\/otros-cursos-de-formacion-covid-19-2\/#breadcrumb","itemListElement":[{"@type":"ListItem","position":1,"name":"Portada","item":"https:\/\/www.enoconocimiento.com\/eu\/"},{"@type":"ListItem","position":2,"name":"Otros cursos de formaci\u00f3n online"}]},{"@type":"WebSite","@id":"https:\/\/www.enoconocimiento.com\/#website","url":"https:\/\/www.enoconocimiento.com\/","name":"Enonocimiento Rioja Alavesa","description":"","potentialAction":[{"@type":"SearchAction","target":{"@type":"EntryPoint","urlTemplate":"https:\/\/www.enoconocimiento.com\/?s={search_term_string}"},"query-input":{"@type":"PropertyValueSpecification","valueRequired":true,"valueName":"search_term_string"}}],"inLanguage":"eu-ES"}]}},"_links":{"self":[{"href":"https:\/\/www.enoconocimiento.com\/eu\/wp-json\/wp\/v2\/product\/7329\/"}],"collection":[{"href":"https:\/\/www.enoconocimiento.com\/eu\/wp-json\/wp\/v2\/product\/"}],"about":[{"href":"https:\/\/www.enoconocimiento.com\/eu\/wp-json\/wp\/v2\/types\/product\/"}],"replies":[{"embeddable":true,"href":"https:\/\/www.enoconocimiento.com\/eu\/wp-json\/wp\/v2\/comments\/?post=7329"}],"wp:attachment":[{"href":"https:\/\/www.enoconocimiento.com\/eu\/wp-json\/wp\/v2\/media\/?parent=7329"}],"wp:term":[{"taxonomy":"product_cat","embeddable":true,"href":"https:\/\/www.enoconocimiento.com\/eu\/wp-json\/wp\/v2\/product_cat\/?post=7329"},{"taxonomy":"product_tag","embeddable":true,"href":"https:\/\/www.enoconocimiento.com\/eu\/wp-json\/wp\/v2\/product_tag\/?post=7329"}],"curies":[{"name":"wp","href":"https:\/\/api.w.org\/{rel}","templated":true}]}}