{"id":7321,"date":"2018-11-14T16:03:53","date_gmt":"2018-11-14T15:03:53","guid":{"rendered":"https:\/\/www.enoconocimiento.com\/producto\/upategian-manipulatzaile-izateko-ikastaroa-2\/"},"modified":"2025-02-18T10:09:42","modified_gmt":"2025-02-18T09:09:42","slug":"upategian-manipulatzaile-izateko-ikastaroa-2","status":"publish","type":"product","link":"https:\/\/www.enoconocimiento.com\/eu\/producto\/upategian-manipulatzaile-izateko-ikastaroa-2\/","title":{"rendered":"Upategian manipulatzaile  izateko ikastaroa"},"content":{"rendered":"<h3>Helburuak<\/h3>\n<p>Upategian manipulatzaile baimena lortzea edo berritzea<\/p>\n<h3>Edukiak<\/h3>\n<p>Alorrari buruzko kontzeptu orokor eta zehatzak<\/p>\n<h3>Oharrak<\/h3>\n<p>Arabako Errioxako Ardoaren Ibilbideko bazkideek izanen dute lehentasuna.<br \/>\nBaimena lortzeko ezinbestekoa da NAN-aren fotokopia eta txartel tamainako argazki bat eramatea ikastarora.<\/p>\n","protected":false},"excerpt":{"rendered":"<p>Helburuak Upategian manipulatzaile baimena lortzea edo berritzea Edukiak Alorrari buruzko kontzeptu orokor eta zehatzak Oharrak Arabako Errioxako Ardoaren Ibilbideko bazkideek izanen dute lehentasuna. Baimena lortzeko ezinbestekoa da NAN-aren fotokopia eta txartel tamainako argazki bat eramatea ikastarora.<\/p>\n","protected":false},"featured_media":0,"comment_status":"open","ping_status":"closed","template":"","meta":{"_genesis_hide_title":false,"_genesis_hide_breadcrumbs":false,"_genesis_hide_singular_image":false,"_genesis_hide_footer_widgets":false,"_genesis_custom_body_class":"","_genesis_custom_post_class":"","_genesis_layout":""},"product_cat":[61],"product_tag":[],"class_list":{"0":"post-7321","1":"product","2":"type-product","3":"status-publish","5":"product_cat-ggbb-giza-baliabideak-esta-talentu-kudeaketa","6":"entry","8":"first","9":"instock","10":"virtual","11":"taxable","12":"purchasable","13":"product-type-simple"},"yoast_head":"<!-- This site is optimized with the Yoast SEO plugin v26.4 - https:\/\/yoast.com\/wordpress\/plugins\/seo\/ -->\n<title>Upategian manipulatzaile izateko ikastaroa | Enonocimiento Rioja Alavesa<\/title>\n<meta name=\"description\" content=\"S\u00e1cate el t\u00edtulo de manipulador en bodega en el Campus Enogastron\u00f3mico de Rioja Alavesa\" \/>\n<meta name=\"robots\" content=\"index, follow, max-snippet:-1, max-image-preview:large, max-video-preview:-1\" \/>\n<link rel=\"canonical\" href=\"https:\/\/www.enoconocimiento.com\/eu\/producto\/upategian-manipulatzaile-izateko-ikastaroa-2\/\" \/>\n<meta property=\"og:locale\" content=\"eu_ES\" \/>\n<meta property=\"og:type\" content=\"article\" \/>\n<meta property=\"og:title\" content=\"Upategian manipulatzaile izateko ikastaroa | Enonocimiento Rioja Alavesa\" \/>\n<meta property=\"og:description\" content=\"S\u00e1cate el t\u00edtulo de manipulador en bodega en el Campus Enogastron\u00f3mico de Rioja Alavesa\" \/>\n<meta property=\"og:url\" content=\"https:\/\/www.enoconocimiento.com\/eu\/producto\/upategian-manipulatzaile-izateko-ikastaroa-2\/\" \/>\n<meta property=\"og:site_name\" content=\"Enonocimiento Rioja Alavesa\" \/>\n<meta property=\"article:modified_time\" content=\"2025-02-18T09:09:42+00:00\" \/>\n<meta name=\"twitter:card\" content=\"summary_large_image\" \/>\n<script type=\"application\/ld+json\" class=\"yoast-schema-graph\">{\"@context\":\"https:\/\/schema.org\",\"@graph\":[{\"@type\":\"WebPage\",\"@id\":\"https:\/\/www.enoconocimiento.com\/eu\/producto\/upategian-manipulatzaile-izateko-ikastaroa-2\/\",\"url\":\"https:\/\/www.enoconocimiento.com\/eu\/producto\/upategian-manipulatzaile-izateko-ikastaroa-2\/\",\"name\":\"Upategian manipulatzaile izateko ikastaroa | Enonocimiento Rioja Alavesa\",\"isPartOf\":{\"@id\":\"https:\/\/www.enoconocimiento.com\/#website\"},\"datePublished\":\"2018-11-14T15:03:53+00:00\",\"dateModified\":\"2025-02-18T09:09:42+00:00\",\"description\":\"S\u00e1cate el t\u00edtulo de manipulador en bodega en el Campus Enogastron\u00f3mico de Rioja Alavesa\",\"breadcrumb\":{\"@id\":\"https:\/\/www.enoconocimiento.com\/eu\/producto\/upategian-manipulatzaile-izateko-ikastaroa-2\/#breadcrumb\"},\"inLanguage\":\"eu-ES\",\"potentialAction\":[{\"@type\":\"ReadAction\",\"target\":[\"https:\/\/www.enoconocimiento.com\/eu\/producto\/upategian-manipulatzaile-izateko-ikastaroa-2\/\"]}]},{\"@type\":\"BreadcrumbList\",\"@id\":\"https:\/\/www.enoconocimiento.com\/eu\/producto\/upategian-manipulatzaile-izateko-ikastaroa-2\/#breadcrumb\",\"itemListElement\":[{\"@type\":\"ListItem\",\"position\":1,\"name\":\"Portada\",\"item\":\"https:\/\/www.enoconocimiento.com\/eu\/\"},{\"@type\":\"ListItem\",\"position\":2,\"name\":\"Upategian manipulatzaile izateko ikastaroa\"}]},{\"@type\":\"WebSite\",\"@id\":\"https:\/\/www.enoconocimiento.com\/#website\",\"url\":\"https:\/\/www.enoconocimiento.com\/\",\"name\":\"Enonocimiento Rioja Alavesa\",\"description\":\"\",\"potentialAction\":[{\"@type\":\"SearchAction\",\"target\":{\"@type\":\"EntryPoint\",\"urlTemplate\":\"https:\/\/www.enoconocimiento.com\/?s={search_term_string}\"},\"query-input\":{\"@type\":\"PropertyValueSpecification\",\"valueRequired\":true,\"valueName\":\"search_term_string\"}}],\"inLanguage\":\"eu-ES\"}]}<\/script>\n<!-- \/ Yoast SEO plugin. -->","yoast_head_json":{"title":"Upategian manipulatzaile izateko ikastaroa | Enonocimiento Rioja Alavesa","description":"S\u00e1cate el t\u00edtulo de manipulador en bodega en el Campus Enogastron\u00f3mico de Rioja Alavesa","robots":{"index":"index","follow":"follow","max-snippet":"max-snippet:-1","max-image-preview":"max-image-preview:large","max-video-preview":"max-video-preview:-1"},"canonical":"https:\/\/www.enoconocimiento.com\/eu\/producto\/upategian-manipulatzaile-izateko-ikastaroa-2\/","og_locale":"eu_ES","og_type":"article","og_title":"Upategian manipulatzaile izateko ikastaroa | Enonocimiento Rioja Alavesa","og_description":"S\u00e1cate el t\u00edtulo de manipulador en bodega en el Campus Enogastron\u00f3mico de Rioja Alavesa","og_url":"https:\/\/www.enoconocimiento.com\/eu\/producto\/upategian-manipulatzaile-izateko-ikastaroa-2\/","og_site_name":"Enonocimiento Rioja Alavesa","article_modified_time":"2025-02-18T09:09:42+00:00","twitter_card":"summary_large_image","schema":{"@context":"https:\/\/schema.org","@graph":[{"@type":"WebPage","@id":"https:\/\/www.enoconocimiento.com\/eu\/producto\/upategian-manipulatzaile-izateko-ikastaroa-2\/","url":"https:\/\/www.enoconocimiento.com\/eu\/producto\/upategian-manipulatzaile-izateko-ikastaroa-2\/","name":"Upategian manipulatzaile izateko ikastaroa | Enonocimiento Rioja Alavesa","isPartOf":{"@id":"https:\/\/www.enoconocimiento.com\/#website"},"datePublished":"2018-11-14T15:03:53+00:00","dateModified":"2025-02-18T09:09:42+00:00","description":"S\u00e1cate el t\u00edtulo de manipulador en bodega en el Campus Enogastron\u00f3mico de Rioja Alavesa","breadcrumb":{"@id":"https:\/\/www.enoconocimiento.com\/eu\/producto\/upategian-manipulatzaile-izateko-ikastaroa-2\/#breadcrumb"},"inLanguage":"eu-ES","potentialAction":[{"@type":"ReadAction","target":["https:\/\/www.enoconocimiento.com\/eu\/producto\/upategian-manipulatzaile-izateko-ikastaroa-2\/"]}]},{"@type":"BreadcrumbList","@id":"https:\/\/www.enoconocimiento.com\/eu\/producto\/upategian-manipulatzaile-izateko-ikastaroa-2\/#breadcrumb","itemListElement":[{"@type":"ListItem","position":1,"name":"Portada","item":"https:\/\/www.enoconocimiento.com\/eu\/"},{"@type":"ListItem","position":2,"name":"Upategian manipulatzaile izateko ikastaroa"}]},{"@type":"WebSite","@id":"https:\/\/www.enoconocimiento.com\/#website","url":"https:\/\/www.enoconocimiento.com\/","name":"Enonocimiento Rioja Alavesa","description":"","potentialAction":[{"@type":"SearchAction","target":{"@type":"EntryPoint","urlTemplate":"https:\/\/www.enoconocimiento.com\/?s={search_term_string}"},"query-input":{"@type":"PropertyValueSpecification","valueRequired":true,"valueName":"search_term_string"}}],"inLanguage":"eu-ES"}]}},"_links":{"self":[{"href":"https:\/\/www.enoconocimiento.com\/eu\/wp-json\/wp\/v2\/product\/7321\/"}],"collection":[{"href":"https:\/\/www.enoconocimiento.com\/eu\/wp-json\/wp\/v2\/product\/"}],"about":[{"href":"https:\/\/www.enoconocimiento.com\/eu\/wp-json\/wp\/v2\/types\/product\/"}],"replies":[{"embeddable":true,"href":"https:\/\/www.enoconocimiento.com\/eu\/wp-json\/wp\/v2\/comments\/?post=7321"}],"wp:attachment":[{"href":"https:\/\/www.enoconocimiento.com\/eu\/wp-json\/wp\/v2\/media\/?parent=7321"}],"wp:term":[{"taxonomy":"product_cat","embeddable":true,"href":"https:\/\/www.enoconocimiento.com\/eu\/wp-json\/wp\/v2\/product_cat\/?post=7321"},{"taxonomy":"product_tag","embeddable":true,"href":"https:\/\/www.enoconocimiento.com\/eu\/wp-json\/wp\/v2\/product_tag\/?post=7321"}],"curies":[{"name":"wp","href":"https:\/\/api.w.org\/{rel}","templated":true}]}}