{"id":7226,"date":"2020-07-02T16:07:28","date_gmt":"2020-07-02T14:07:29","guid":{"rendered":"https:\/\/www.enoconocimiento.com\/?post_type=product&#038;p=7226"},"modified":"2025-02-18T10:02:36","modified_gmt":"2025-02-18T09:02:36","slug":"atencion-al-cliente-bajo-los-nuevos-modelos-de-servicio","status":"publish","type":"product","link":"https:\/\/www.enoconocimiento.com\/eu\/producto\/atencion-al-cliente-bajo-los-nuevos-modelos-de-servicio\/","title":{"rendered":"ATENCI\u00d3N AL CLIENTE BAJO LOS NUEVOS MODELOS DE SERVICIO"},"content":{"rendered":"<h3>Contenidos<\/h3>\n<p>La <strong>primera parte<\/strong> de la sesi\u00f3n ser\u00e1:<\/p>\n<ul>\n<li>Valoraci\u00f3n de lo que ha pasado en los \u00faltimos meses, como los hemos vivido, a nivel de sector.<\/li>\n<li>Valoraci\u00f3n por parte de los asistentes de c\u00f3mo han vivido ellos, \u00a0a nivel de cliente y equipo.<\/li>\n<\/ul>\n<p>En la <strong>segunda parte<\/strong>:<\/p>\n<ul>\n<li>Se trabajar\u00e1n las <strong>herramientas de coaching<\/strong> para mejorar las situaciones que se hayan producido. Estas herramientas se adaptar\u00e1n en funci\u00f3n de la problem\u00e1tica que se haya detectado e identificado. La escucha y el observador consciente sin duda estar\u00e1n ya que son las herramientas fundamentales para comprender y gestionar a los Equipos y para la atenci\u00f3n al cliente.\u00a0\u00a0Se recordar\u00e1 y reforzar\u00e1 la importancia que tiene nuestro rol de anfitri\u00f3n.<\/li>\n<\/ul>\n","protected":false},"excerpt":{"rendered":"<p>Valorar lo que ha pasado en estos primeros meses. Reflexi\u00f3n sobre d\u00f3nde estamos y d\u00f3nde queremos estar. Establecer qu\u00e9 mejoras son necesarias y dar las herramientas adecuadas para conseguirlas.<\/p>\n","protected":false},"featured_media":0,"comment_status":"open","ping_status":"closed","template":"","meta":{"_genesis_hide_title":false,"_genesis_hide_breadcrumbs":false,"_genesis_hide_singular_image":false,"_genesis_hide_footer_widgets":false,"_genesis_custom_body_class":"","_genesis_custom_post_class":"","_genesis_layout":""},"product_cat":[60],"product_tag":[],"class_list":{"0":"post-7226","1":"product","2":"type-product","3":"status-publish","5":"product_cat-marketina-salmenak-eta-komunikazioa","6":"entry","8":"first","9":"instock","10":"featured","11":"virtual","12":"taxable","13":"purchasable","14":"product-type-simple"},"yoast_head":"<!-- This site is optimized with the Yoast SEO plugin v26.4 - https:\/\/yoast.com\/wordpress\/plugins\/seo\/ -->\n<title>ATENCI\u00d3N AL CLIENTE BAJO LOS NUEVOS MODELOS DE SERVICIO | Enonocimiento Rioja Alavesa<\/title>\n<meta name=\"robots\" content=\"index, follow, max-snippet:-1, max-image-preview:large, max-video-preview:-1\" \/>\n<link rel=\"canonical\" href=\"https:\/\/www.enoconocimiento.com\/eu\/producto\/atencion-al-cliente-bajo-los-nuevos-modelos-de-servicio\/\" \/>\n<meta property=\"og:locale\" content=\"eu_ES\" \/>\n<meta property=\"og:type\" content=\"article\" \/>\n<meta property=\"og:title\" content=\"ATENCI\u00d3N AL CLIENTE BAJO LOS NUEVOS MODELOS DE SERVICIO | Enonocimiento Rioja Alavesa\" \/>\n<meta property=\"og:description\" content=\"Valorar lo que ha pasado en estos primeros meses. Reflexi\u00f3n sobre d\u00f3nde estamos y d\u00f3nde queremos estar. Establecer qu\u00e9 mejoras son necesarias y dar las herramientas adecuadas para conseguirlas.\" \/>\n<meta property=\"og:url\" content=\"https:\/\/www.enoconocimiento.com\/eu\/producto\/atencion-al-cliente-bajo-los-nuevos-modelos-de-servicio\/\" \/>\n<meta property=\"og:site_name\" content=\"Enonocimiento Rioja Alavesa\" \/>\n<meta property=\"article:modified_time\" content=\"2025-02-18T09:02:36+00:00\" \/>\n<meta name=\"twitter:card\" content=\"summary_large_image\" \/>\n<meta name=\"twitter:label1\" content=\"Est. reading time\" \/>\n\t<meta name=\"twitter:data1\" content=\"1 minute\" \/>\n<script type=\"application\/ld+json\" class=\"yoast-schema-graph\">{\"@context\":\"https:\/\/schema.org\",\"@graph\":[{\"@type\":\"WebPage\",\"@id\":\"https:\/\/www.enoconocimiento.com\/eu\/producto\/atencion-al-cliente-bajo-los-nuevos-modelos-de-servicio\/\",\"url\":\"https:\/\/www.enoconocimiento.com\/eu\/producto\/atencion-al-cliente-bajo-los-nuevos-modelos-de-servicio\/\",\"name\":\"ATENCI\u00d3N AL CLIENTE BAJO LOS NUEVOS MODELOS DE SERVICIO | Enonocimiento Rioja Alavesa\",\"isPartOf\":{\"@id\":\"https:\/\/www.enoconocimiento.com\/#website\"},\"datePublished\":\"2020-07-02T14:07:29+00:00\",\"dateModified\":\"2025-02-18T09:02:36+00:00\",\"breadcrumb\":{\"@id\":\"https:\/\/www.enoconocimiento.com\/eu\/producto\/atencion-al-cliente-bajo-los-nuevos-modelos-de-servicio\/#breadcrumb\"},\"inLanguage\":\"eu-ES\",\"potentialAction\":[{\"@type\":\"ReadAction\",\"target\":[\"https:\/\/www.enoconocimiento.com\/eu\/producto\/atencion-al-cliente-bajo-los-nuevos-modelos-de-servicio\/\"]}]},{\"@type\":\"BreadcrumbList\",\"@id\":\"https:\/\/www.enoconocimiento.com\/eu\/producto\/atencion-al-cliente-bajo-los-nuevos-modelos-de-servicio\/#breadcrumb\",\"itemListElement\":[{\"@type\":\"ListItem\",\"position\":1,\"name\":\"Portada\",\"item\":\"https:\/\/www.enoconocimiento.com\/eu\/\"},{\"@type\":\"ListItem\",\"position\":2,\"name\":\"ATENCI\u00d3N AL CLIENTE BAJO LOS NUEVOS MODELOS DE SERVICIO\"}]},{\"@type\":\"WebSite\",\"@id\":\"https:\/\/www.enoconocimiento.com\/#website\",\"url\":\"https:\/\/www.enoconocimiento.com\/\",\"name\":\"Enonocimiento Rioja Alavesa\",\"description\":\"\",\"potentialAction\":[{\"@type\":\"SearchAction\",\"target\":{\"@type\":\"EntryPoint\",\"urlTemplate\":\"https:\/\/www.enoconocimiento.com\/?s={search_term_string}\"},\"query-input\":{\"@type\":\"PropertyValueSpecification\",\"valueRequired\":true,\"valueName\":\"search_term_string\"}}],\"inLanguage\":\"eu-ES\"}]}<\/script>\n<!-- \/ Yoast SEO plugin. -->","yoast_head_json":{"title":"ATENCI\u00d3N AL CLIENTE BAJO LOS NUEVOS MODELOS DE SERVICIO | Enonocimiento Rioja Alavesa","robots":{"index":"index","follow":"follow","max-snippet":"max-snippet:-1","max-image-preview":"max-image-preview:large","max-video-preview":"max-video-preview:-1"},"canonical":"https:\/\/www.enoconocimiento.com\/eu\/producto\/atencion-al-cliente-bajo-los-nuevos-modelos-de-servicio\/","og_locale":"eu_ES","og_type":"article","og_title":"ATENCI\u00d3N AL CLIENTE BAJO LOS NUEVOS MODELOS DE SERVICIO | Enonocimiento Rioja Alavesa","og_description":"Valorar lo que ha pasado en estos primeros meses. Reflexi\u00f3n sobre d\u00f3nde estamos y d\u00f3nde queremos estar. Establecer qu\u00e9 mejoras son necesarias y dar las herramientas adecuadas para conseguirlas.","og_url":"https:\/\/www.enoconocimiento.com\/eu\/producto\/atencion-al-cliente-bajo-los-nuevos-modelos-de-servicio\/","og_site_name":"Enonocimiento Rioja Alavesa","article_modified_time":"2025-02-18T09:02:36+00:00","twitter_card":"summary_large_image","twitter_misc":{"Est. reading time":"1 minute"},"schema":{"@context":"https:\/\/schema.org","@graph":[{"@type":"WebPage","@id":"https:\/\/www.enoconocimiento.com\/eu\/producto\/atencion-al-cliente-bajo-los-nuevos-modelos-de-servicio\/","url":"https:\/\/www.enoconocimiento.com\/eu\/producto\/atencion-al-cliente-bajo-los-nuevos-modelos-de-servicio\/","name":"ATENCI\u00d3N AL CLIENTE BAJO LOS NUEVOS MODELOS DE SERVICIO | Enonocimiento Rioja Alavesa","isPartOf":{"@id":"https:\/\/www.enoconocimiento.com\/#website"},"datePublished":"2020-07-02T14:07:29+00:00","dateModified":"2025-02-18T09:02:36+00:00","breadcrumb":{"@id":"https:\/\/www.enoconocimiento.com\/eu\/producto\/atencion-al-cliente-bajo-los-nuevos-modelos-de-servicio\/#breadcrumb"},"inLanguage":"eu-ES","potentialAction":[{"@type":"ReadAction","target":["https:\/\/www.enoconocimiento.com\/eu\/producto\/atencion-al-cliente-bajo-los-nuevos-modelos-de-servicio\/"]}]},{"@type":"BreadcrumbList","@id":"https:\/\/www.enoconocimiento.com\/eu\/producto\/atencion-al-cliente-bajo-los-nuevos-modelos-de-servicio\/#breadcrumb","itemListElement":[{"@type":"ListItem","position":1,"name":"Portada","item":"https:\/\/www.enoconocimiento.com\/eu\/"},{"@type":"ListItem","position":2,"name":"ATENCI\u00d3N AL CLIENTE BAJO LOS NUEVOS MODELOS DE SERVICIO"}]},{"@type":"WebSite","@id":"https:\/\/www.enoconocimiento.com\/#website","url":"https:\/\/www.enoconocimiento.com\/","name":"Enonocimiento Rioja Alavesa","description":"","potentialAction":[{"@type":"SearchAction","target":{"@type":"EntryPoint","urlTemplate":"https:\/\/www.enoconocimiento.com\/?s={search_term_string}"},"query-input":{"@type":"PropertyValueSpecification","valueRequired":true,"valueName":"search_term_string"}}],"inLanguage":"eu-ES"}]}},"_links":{"self":[{"href":"https:\/\/www.enoconocimiento.com\/eu\/wp-json\/wp\/v2\/product\/7226\/"}],"collection":[{"href":"https:\/\/www.enoconocimiento.com\/eu\/wp-json\/wp\/v2\/product\/"}],"about":[{"href":"https:\/\/www.enoconocimiento.com\/eu\/wp-json\/wp\/v2\/types\/product\/"}],"replies":[{"embeddable":true,"href":"https:\/\/www.enoconocimiento.com\/eu\/wp-json\/wp\/v2\/comments\/?post=7226"}],"wp:attachment":[{"href":"https:\/\/www.enoconocimiento.com\/eu\/wp-json\/wp\/v2\/media\/?parent=7226"}],"wp:term":[{"taxonomy":"product_cat","embeddable":true,"href":"https:\/\/www.enoconocimiento.com\/eu\/wp-json\/wp\/v2\/product_cat\/?post=7226"},{"taxonomy":"product_tag","embeddable":true,"href":"https:\/\/www.enoconocimiento.com\/eu\/wp-json\/wp\/v2\/product_tag\/?post=7226"}],"curies":[{"name":"wp","href":"https:\/\/api.w.org\/{rel}","templated":true}]}}