{"id":4750,"date":"2018-11-14T15:47:10","date_gmt":"2018-11-14T14:47:10","guid":{"rendered":"https:\/\/www.enoconocimiento.com\/producto\/whatsappa-fidelizazio-eta-bezeroarentzako-arreta-metodo-gisa\/"},"modified":"2019-12-23T09:25:29","modified_gmt":"2019-12-23T08:25:29","slug":"whatsappa-fidelizazio-eta-bezeroarentzako-arreta-metodo-gisa","status":"publish","type":"product","link":"https:\/\/www.enoconocimiento.com\/eu\/producto\/whatsappa-fidelizazio-eta-bezeroarentzako-arreta-metodo-gisa\/","title":{"rendered":"Whatsappa, fidelizazio eta bezeroarentzako arreta metodo gisa"},"content":{"rendered":"<h3>Helburuak<\/h3>\n<p>\nBat-bateko mezularitza aplikazioa erabiltzen ikastea bezeroarengana modu zuzenean eta mugikorra erabili beharrik gabe iristeko\n<\/p>\n<h3>Edukiak<\/h3>\n<ul>\n<li>Formularioen bidezko datu bilketa<\/li>\n<li>WhatsApp Business<\/li>\n<li>Whatsapp Business \u2013 \u201cohiko\u201d WhatsApp, bien arteko desberdintasunak<\/li>\n<li>WhatsApp telefono finkoaren bidez<\/li>\n<li>Enpresa profila<\/li>\n<li>Ongi etorri eta ausentzia mezuak<\/li>\n<li>Etiketak<\/li>\n<li>Bat-bateko erantzunak<\/li>\n<li>Formularioak diseinatu<\/li>\n<li>Bildutako datuak<\/li>\n<li>Datuak Google Kontaktuetara eraman<\/li>\n<li>Mugikorraren bidez kontaktuak sinkronizatu<\/li>\n<li>Whatsapp bidez kontaktuak sinkronizatu<\/li>\n<li>Taldeak erabili gabe mezuak bidali Whatsappen<\/li>\n<li>Mezuak birbidali edo hedatze zerrendak<\/li>\n<li>Hedatze zerrenden arazoak<\/li>\n<li>WhatsApp \u2013 kontaktuak antolaketa praktikoa<\/li>\n<li>Bidaltze ereduak<\/li>\n<li>Bezeroarekin elkarreragina<\/li>\n<\/ul>\n","protected":false},"excerpt":{"rendered":"<p>Enpresa-Whatsappa erabiltzen ikasi<\/p>\n","protected":false},"featured_media":0,"comment_status":"open","ping_status":"closed","template":"","meta":{"_genesis_hide_title":false,"_genesis_hide_breadcrumbs":false,"_genesis_hide_singular_image":false,"_genesis_hide_footer_widgets":false,"_genesis_custom_body_class":"","_genesis_custom_post_class":"","_genesis_layout":""},"product_cat":[65],"product_tag":[],"class_list":{"0":"post-4750","1":"product","2":"type-product","3":"status-publish","5":"product_cat-bestelako-kategoriak","6":"entry","8":"first","9":"instock","10":"virtual","11":"taxable","12":"purchasable","13":"product-type-simple"},"yoast_head":"<!-- This site is optimized with the Yoast SEO plugin v26.4 - https:\/\/yoast.com\/wordpress\/plugins\/seo\/ -->\n<title>Whatsappa, fidelizazio eta bezeroarentzako arreta metodo gisa | Enonocimiento Rioja Alavesa<\/title>\n<meta name=\"description\" content=\"Descubre el curso de Whatsapp como m\u00e9todo de fidelizaci\u00f3n y atenci\u00f3n al cliente en el Campus Enogastron\u00f3mico de Rioja Alavesa\" \/>\n<meta name=\"robots\" content=\"index, follow, max-snippet:-1, max-image-preview:large, max-video-preview:-1\" \/>\n<link rel=\"canonical\" href=\"https:\/\/www.enoconocimiento.com\/eu\/producto\/whatsappa-fidelizazio-eta-bezeroarentzako-arreta-metodo-gisa\/\" \/>\n<meta property=\"og:locale\" content=\"eu_ES\" \/>\n<meta property=\"og:type\" content=\"article\" \/>\n<meta property=\"og:title\" content=\"Whatsappa, fidelizazio eta bezeroarentzako arreta metodo gisa | Enonocimiento Rioja Alavesa\" \/>\n<meta property=\"og:description\" content=\"Descubre el curso de Whatsapp como m\u00e9todo de fidelizaci\u00f3n y atenci\u00f3n al cliente en el Campus Enogastron\u00f3mico de Rioja Alavesa\" \/>\n<meta property=\"og:url\" content=\"https:\/\/www.enoconocimiento.com\/eu\/producto\/whatsappa-fidelizazio-eta-bezeroarentzako-arreta-metodo-gisa\/\" \/>\n<meta property=\"og:site_name\" content=\"Enonocimiento Rioja Alavesa\" \/>\n<meta property=\"article:modified_time\" content=\"2019-12-23T08:25:29+00:00\" \/>\n<meta name=\"twitter:card\" content=\"summary_large_image\" \/>\n<script type=\"application\/ld+json\" class=\"yoast-schema-graph\">{\"@context\":\"https:\/\/schema.org\",\"@graph\":[{\"@type\":\"WebPage\",\"@id\":\"https:\/\/www.enoconocimiento.com\/eu\/producto\/whatsappa-fidelizazio-eta-bezeroarentzako-arreta-metodo-gisa\/\",\"url\":\"https:\/\/www.enoconocimiento.com\/eu\/producto\/whatsappa-fidelizazio-eta-bezeroarentzako-arreta-metodo-gisa\/\",\"name\":\"Whatsappa, fidelizazio eta bezeroarentzako arreta metodo gisa | Enonocimiento Rioja Alavesa\",\"isPartOf\":{\"@id\":\"https:\/\/www.enoconocimiento.com\/#website\"},\"datePublished\":\"2018-11-14T14:47:10+00:00\",\"dateModified\":\"2019-12-23T08:25:29+00:00\",\"description\":\"Descubre el curso de Whatsapp como m\u00e9todo de fidelizaci\u00f3n y atenci\u00f3n al cliente en el Campus Enogastron\u00f3mico de Rioja Alavesa\",\"breadcrumb\":{\"@id\":\"https:\/\/www.enoconocimiento.com\/eu\/producto\/whatsappa-fidelizazio-eta-bezeroarentzako-arreta-metodo-gisa\/#breadcrumb\"},\"inLanguage\":\"eu-ES\",\"potentialAction\":[{\"@type\":\"ReadAction\",\"target\":[\"https:\/\/www.enoconocimiento.com\/eu\/producto\/whatsappa-fidelizazio-eta-bezeroarentzako-arreta-metodo-gisa\/\"]}]},{\"@type\":\"BreadcrumbList\",\"@id\":\"https:\/\/www.enoconocimiento.com\/eu\/producto\/whatsappa-fidelizazio-eta-bezeroarentzako-arreta-metodo-gisa\/#breadcrumb\",\"itemListElement\":[{\"@type\":\"ListItem\",\"position\":1,\"name\":\"Portada\",\"item\":\"https:\/\/www.enoconocimiento.com\/eu\/\"},{\"@type\":\"ListItem\",\"position\":2,\"name\":\"Whatsappa, fidelizazio eta bezeroarentzako arreta metodo gisa\"}]},{\"@type\":\"WebSite\",\"@id\":\"https:\/\/www.enoconocimiento.com\/#website\",\"url\":\"https:\/\/www.enoconocimiento.com\/\",\"name\":\"Enonocimiento Rioja Alavesa\",\"description\":\"\",\"potentialAction\":[{\"@type\":\"SearchAction\",\"target\":{\"@type\":\"EntryPoint\",\"urlTemplate\":\"https:\/\/www.enoconocimiento.com\/?s={search_term_string}\"},\"query-input\":{\"@type\":\"PropertyValueSpecification\",\"valueRequired\":true,\"valueName\":\"search_term_string\"}}],\"inLanguage\":\"eu-ES\"}]}<\/script>\n<!-- \/ Yoast SEO plugin. -->","yoast_head_json":{"title":"Whatsappa, fidelizazio eta bezeroarentzako arreta metodo gisa | Enonocimiento Rioja Alavesa","description":"Descubre el curso de Whatsapp como m\u00e9todo de fidelizaci\u00f3n y atenci\u00f3n al cliente en el Campus Enogastron\u00f3mico de Rioja Alavesa","robots":{"index":"index","follow":"follow","max-snippet":"max-snippet:-1","max-image-preview":"max-image-preview:large","max-video-preview":"max-video-preview:-1"},"canonical":"https:\/\/www.enoconocimiento.com\/eu\/producto\/whatsappa-fidelizazio-eta-bezeroarentzako-arreta-metodo-gisa\/","og_locale":"eu_ES","og_type":"article","og_title":"Whatsappa, fidelizazio eta bezeroarentzako arreta metodo gisa | Enonocimiento Rioja Alavesa","og_description":"Descubre el curso de Whatsapp como m\u00e9todo de fidelizaci\u00f3n y atenci\u00f3n al cliente en el Campus Enogastron\u00f3mico de Rioja Alavesa","og_url":"https:\/\/www.enoconocimiento.com\/eu\/producto\/whatsappa-fidelizazio-eta-bezeroarentzako-arreta-metodo-gisa\/","og_site_name":"Enonocimiento Rioja Alavesa","article_modified_time":"2019-12-23T08:25:29+00:00","twitter_card":"summary_large_image","schema":{"@context":"https:\/\/schema.org","@graph":[{"@type":"WebPage","@id":"https:\/\/www.enoconocimiento.com\/eu\/producto\/whatsappa-fidelizazio-eta-bezeroarentzako-arreta-metodo-gisa\/","url":"https:\/\/www.enoconocimiento.com\/eu\/producto\/whatsappa-fidelizazio-eta-bezeroarentzako-arreta-metodo-gisa\/","name":"Whatsappa, fidelizazio eta bezeroarentzako arreta metodo gisa | Enonocimiento Rioja Alavesa","isPartOf":{"@id":"https:\/\/www.enoconocimiento.com\/#website"},"datePublished":"2018-11-14T14:47:10+00:00","dateModified":"2019-12-23T08:25:29+00:00","description":"Descubre el curso de Whatsapp como m\u00e9todo de fidelizaci\u00f3n y atenci\u00f3n al cliente en el Campus Enogastron\u00f3mico de Rioja Alavesa","breadcrumb":{"@id":"https:\/\/www.enoconocimiento.com\/eu\/producto\/whatsappa-fidelizazio-eta-bezeroarentzako-arreta-metodo-gisa\/#breadcrumb"},"inLanguage":"eu-ES","potentialAction":[{"@type":"ReadAction","target":["https:\/\/www.enoconocimiento.com\/eu\/producto\/whatsappa-fidelizazio-eta-bezeroarentzako-arreta-metodo-gisa\/"]}]},{"@type":"BreadcrumbList","@id":"https:\/\/www.enoconocimiento.com\/eu\/producto\/whatsappa-fidelizazio-eta-bezeroarentzako-arreta-metodo-gisa\/#breadcrumb","itemListElement":[{"@type":"ListItem","position":1,"name":"Portada","item":"https:\/\/www.enoconocimiento.com\/eu\/"},{"@type":"ListItem","position":2,"name":"Whatsappa, fidelizazio eta bezeroarentzako arreta metodo gisa"}]},{"@type":"WebSite","@id":"https:\/\/www.enoconocimiento.com\/#website","url":"https:\/\/www.enoconocimiento.com\/","name":"Enonocimiento Rioja Alavesa","description":"","potentialAction":[{"@type":"SearchAction","target":{"@type":"EntryPoint","urlTemplate":"https:\/\/www.enoconocimiento.com\/?s={search_term_string}"},"query-input":{"@type":"PropertyValueSpecification","valueRequired":true,"valueName":"search_term_string"}}],"inLanguage":"eu-ES"}]}},"_links":{"self":[{"href":"https:\/\/www.enoconocimiento.com\/eu\/wp-json\/wp\/v2\/product\/4750\/"}],"collection":[{"href":"https:\/\/www.enoconocimiento.com\/eu\/wp-json\/wp\/v2\/product\/"}],"about":[{"href":"https:\/\/www.enoconocimiento.com\/eu\/wp-json\/wp\/v2\/types\/product\/"}],"replies":[{"embeddable":true,"href":"https:\/\/www.enoconocimiento.com\/eu\/wp-json\/wp\/v2\/comments\/?post=4750"}],"wp:attachment":[{"href":"https:\/\/www.enoconocimiento.com\/eu\/wp-json\/wp\/v2\/media\/?parent=4750"}],"wp:term":[{"taxonomy":"product_cat","embeddable":true,"href":"https:\/\/www.enoconocimiento.com\/eu\/wp-json\/wp\/v2\/product_cat\/?post=4750"},{"taxonomy":"product_tag","embeddable":true,"href":"https:\/\/www.enoconocimiento.com\/eu\/wp-json\/wp\/v2\/product_tag\/?post=4750"}],"curies":[{"name":"wp","href":"https:\/\/api.w.org\/{rel}","templated":true}]}}