{"id":4740,"date":"2018-11-14T13:36:37","date_gmt":"2018-11-14T12:36:37","guid":{"rendered":"https:\/\/www.enoconocimiento.com\/producto\/bisitariarendako-informazioa-eta-arreta\/"},"modified":"2019-12-23T09:35:05","modified_gmt":"2019-12-23T08:35:05","slug":"bisitariarendako-informazioa-eta-arreta","status":"publish","type":"product","link":"https:\/\/www.enoconocimiento.com\/eu\/producto\/bisitariarendako-informazioa-eta-arreta\/","title":{"rendered":"Bisitariarendako informazioa eta arreta"},"content":{"rendered":"<h3>Helburuak<\/h3>\n<ul>\n<li>Bisitaria informatzeko laguntza zerbitzua hobetzea<\/li>\n<li>Informatzaile turistikoen   tresna eta kanalen garrantzia ezagutzea<\/li>\n<li>Bisitariaren tipologiaren inguruko azterketa egitea<\/li>\n<li>Bisitarekin gerta daitezkeen krisi egoerak kudeatzea<\/li>\n<\/ul>\n<h3>Edukiak<\/h3>\n<p><strong>Turismoaren inguruko informazio zerbitzuan aplikatutako harrera teknikak eta gaitasun sozialak<\/strong><\/p>\n<ul>\n<li>Hitzezko komunikazioa <\/li>\n<li>Hitzik gabeko komunikazioa<\/li>\n<\/ul>\n<p><strong>Protokoloaren eta irudi pertsonalaren inguruko teknikak<\/strong><\/p>\n<ul>\n<li>Protokolo teknikak<\/li>\n<li>Gaitasun sozialak<\/li>\n<li>Bezeroari arreta<\/li>\n<\/ul>\n<p><strong>Bezero tipologia:<\/strong><\/p>\n<ul>\n<li>Bisitariak (turistak eta txangolariak)<\/li>\n<li>Barneko bezeroak<\/li>\n<\/ul>\n<p><strong>Arreta hartzeko denboraren kudeaketa, ilara kudeaketa eta krisi kudeaketa<\/strong><\/p>\n","protected":false},"excerpt":{"rendered":"<p>Bisitariak bizitako bizipenaren gakoa<\/p>\n","protected":false},"featured_media":0,"comment_status":"open","ping_status":"closed","template":"","meta":{"_genesis_hide_title":false,"_genesis_hide_breadcrumbs":false,"_genesis_hide_singular_image":false,"_genesis_hide_footer_widgets":false,"_genesis_custom_body_class":"","_genesis_custom_post_class":"","_genesis_layout":""},"product_cat":[64],"product_tag":[],"class_list":{"0":"post-4740","1":"product","2":"type-product","3":"status-publish","5":"product_cat-zerbitzu-turistikoak","6":"entry","8":"first","9":"instock","10":"virtual","11":"taxable","12":"purchasable","13":"product-type-simple"},"yoast_head":"<!-- This site is optimized with the Yoast SEO plugin v26.4 - https:\/\/yoast.com\/wordpress\/plugins\/seo\/ -->\n<title>Bisitariarendako informazioa eta arreta | Enonocimiento Rioja Alavesa<\/title>\n<meta name=\"description\" content=\"Descubre el curso Informaci\u00f3n y atenci\u00f3n al visitante del Campus Enogastron\u00f3mico de Rioja Alavesa\" \/>\n<meta name=\"robots\" content=\"index, follow, max-snippet:-1, max-image-preview:large, max-video-preview:-1\" \/>\n<link rel=\"canonical\" href=\"https:\/\/www.enoconocimiento.com\/eu\/producto\/bisitariarendako-informazioa-eta-arreta\/\" \/>\n<meta property=\"og:locale\" content=\"eu_ES\" \/>\n<meta property=\"og:type\" content=\"article\" \/>\n<meta property=\"og:title\" content=\"Bisitariarendako informazioa eta arreta | Enonocimiento Rioja Alavesa\" \/>\n<meta property=\"og:description\" content=\"Descubre el curso Informaci\u00f3n y atenci\u00f3n al visitante del Campus Enogastron\u00f3mico de Rioja Alavesa\" \/>\n<meta property=\"og:url\" content=\"https:\/\/www.enoconocimiento.com\/eu\/producto\/bisitariarendako-informazioa-eta-arreta\/\" \/>\n<meta property=\"og:site_name\" content=\"Enonocimiento Rioja Alavesa\" \/>\n<meta property=\"article:modified_time\" content=\"2019-12-23T08:35:05+00:00\" \/>\n<meta name=\"twitter:card\" content=\"summary_large_image\" \/>\n<script type=\"application\/ld+json\" class=\"yoast-schema-graph\">{\"@context\":\"https:\/\/schema.org\",\"@graph\":[{\"@type\":\"WebPage\",\"@id\":\"https:\/\/www.enoconocimiento.com\/eu\/producto\/bisitariarendako-informazioa-eta-arreta\/\",\"url\":\"https:\/\/www.enoconocimiento.com\/eu\/producto\/bisitariarendako-informazioa-eta-arreta\/\",\"name\":\"Bisitariarendako informazioa eta arreta | Enonocimiento Rioja Alavesa\",\"isPartOf\":{\"@id\":\"https:\/\/www.enoconocimiento.com\/#website\"},\"datePublished\":\"2018-11-14T12:36:37+00:00\",\"dateModified\":\"2019-12-23T08:35:05+00:00\",\"description\":\"Descubre el curso Informaci\u00f3n y atenci\u00f3n al visitante del Campus Enogastron\u00f3mico de Rioja Alavesa\",\"breadcrumb\":{\"@id\":\"https:\/\/www.enoconocimiento.com\/eu\/producto\/bisitariarendako-informazioa-eta-arreta\/#breadcrumb\"},\"inLanguage\":\"eu-ES\",\"potentialAction\":[{\"@type\":\"ReadAction\",\"target\":[\"https:\/\/www.enoconocimiento.com\/eu\/producto\/bisitariarendako-informazioa-eta-arreta\/\"]}]},{\"@type\":\"BreadcrumbList\",\"@id\":\"https:\/\/www.enoconocimiento.com\/eu\/producto\/bisitariarendako-informazioa-eta-arreta\/#breadcrumb\",\"itemListElement\":[{\"@type\":\"ListItem\",\"position\":1,\"name\":\"Portada\",\"item\":\"https:\/\/www.enoconocimiento.com\/eu\/\"},{\"@type\":\"ListItem\",\"position\":2,\"name\":\"Bisitariarendako informazioa eta arreta\"}]},{\"@type\":\"WebSite\",\"@id\":\"https:\/\/www.enoconocimiento.com\/#website\",\"url\":\"https:\/\/www.enoconocimiento.com\/\",\"name\":\"Enonocimiento Rioja Alavesa\",\"description\":\"\",\"potentialAction\":[{\"@type\":\"SearchAction\",\"target\":{\"@type\":\"EntryPoint\",\"urlTemplate\":\"https:\/\/www.enoconocimiento.com\/?s={search_term_string}\"},\"query-input\":{\"@type\":\"PropertyValueSpecification\",\"valueRequired\":true,\"valueName\":\"search_term_string\"}}],\"inLanguage\":\"eu-ES\"}]}<\/script>\n<!-- \/ Yoast SEO plugin. -->","yoast_head_json":{"title":"Bisitariarendako informazioa eta arreta | Enonocimiento Rioja Alavesa","description":"Descubre el curso Informaci\u00f3n y atenci\u00f3n al visitante del Campus Enogastron\u00f3mico de Rioja Alavesa","robots":{"index":"index","follow":"follow","max-snippet":"max-snippet:-1","max-image-preview":"max-image-preview:large","max-video-preview":"max-video-preview:-1"},"canonical":"https:\/\/www.enoconocimiento.com\/eu\/producto\/bisitariarendako-informazioa-eta-arreta\/","og_locale":"eu_ES","og_type":"article","og_title":"Bisitariarendako informazioa eta arreta | Enonocimiento Rioja Alavesa","og_description":"Descubre el curso Informaci\u00f3n y atenci\u00f3n al visitante del Campus Enogastron\u00f3mico de Rioja Alavesa","og_url":"https:\/\/www.enoconocimiento.com\/eu\/producto\/bisitariarendako-informazioa-eta-arreta\/","og_site_name":"Enonocimiento Rioja Alavesa","article_modified_time":"2019-12-23T08:35:05+00:00","twitter_card":"summary_large_image","schema":{"@context":"https:\/\/schema.org","@graph":[{"@type":"WebPage","@id":"https:\/\/www.enoconocimiento.com\/eu\/producto\/bisitariarendako-informazioa-eta-arreta\/","url":"https:\/\/www.enoconocimiento.com\/eu\/producto\/bisitariarendako-informazioa-eta-arreta\/","name":"Bisitariarendako informazioa eta arreta | Enonocimiento Rioja Alavesa","isPartOf":{"@id":"https:\/\/www.enoconocimiento.com\/#website"},"datePublished":"2018-11-14T12:36:37+00:00","dateModified":"2019-12-23T08:35:05+00:00","description":"Descubre el curso Informaci\u00f3n y atenci\u00f3n al visitante del Campus Enogastron\u00f3mico de Rioja Alavesa","breadcrumb":{"@id":"https:\/\/www.enoconocimiento.com\/eu\/producto\/bisitariarendako-informazioa-eta-arreta\/#breadcrumb"},"inLanguage":"eu-ES","potentialAction":[{"@type":"ReadAction","target":["https:\/\/www.enoconocimiento.com\/eu\/producto\/bisitariarendako-informazioa-eta-arreta\/"]}]},{"@type":"BreadcrumbList","@id":"https:\/\/www.enoconocimiento.com\/eu\/producto\/bisitariarendako-informazioa-eta-arreta\/#breadcrumb","itemListElement":[{"@type":"ListItem","position":1,"name":"Portada","item":"https:\/\/www.enoconocimiento.com\/eu\/"},{"@type":"ListItem","position":2,"name":"Bisitariarendako informazioa eta arreta"}]},{"@type":"WebSite","@id":"https:\/\/www.enoconocimiento.com\/#website","url":"https:\/\/www.enoconocimiento.com\/","name":"Enonocimiento Rioja Alavesa","description":"","potentialAction":[{"@type":"SearchAction","target":{"@type":"EntryPoint","urlTemplate":"https:\/\/www.enoconocimiento.com\/?s={search_term_string}"},"query-input":{"@type":"PropertyValueSpecification","valueRequired":true,"valueName":"search_term_string"}}],"inLanguage":"eu-ES"}]}},"_links":{"self":[{"href":"https:\/\/www.enoconocimiento.com\/eu\/wp-json\/wp\/v2\/product\/4740\/"}],"collection":[{"href":"https:\/\/www.enoconocimiento.com\/eu\/wp-json\/wp\/v2\/product\/"}],"about":[{"href":"https:\/\/www.enoconocimiento.com\/eu\/wp-json\/wp\/v2\/types\/product\/"}],"replies":[{"embeddable":true,"href":"https:\/\/www.enoconocimiento.com\/eu\/wp-json\/wp\/v2\/comments\/?post=4740"}],"wp:attachment":[{"href":"https:\/\/www.enoconocimiento.com\/eu\/wp-json\/wp\/v2\/media\/?parent=4740"}],"wp:term":[{"taxonomy":"product_cat","embeddable":true,"href":"https:\/\/www.enoconocimiento.com\/eu\/wp-json\/wp\/v2\/product_cat\/?post=4740"},{"taxonomy":"product_tag","embeddable":true,"href":"https:\/\/www.enoconocimiento.com\/eu\/wp-json\/wp\/v2\/product_tag\/?post=4740"}],"curies":[{"name":"wp","href":"https:\/\/api.w.org\/{rel}","templated":true}]}}