{"id":4738,"date":"2018-11-14T16:00:07","date_gmt":"2018-11-14T15:00:07","guid":{"rendered":"https:\/\/www.enoconocimiento.com\/producto\/luxuzko-hoteleria-bokazioa-eta-zerbitzuaren-bikaintasuna\/"},"modified":"2025-02-18T10:09:08","modified_gmt":"2025-02-18T09:09:08","slug":"luxuzko-hoteleria-bokazioa-eta-zerbitzuaren-bikaintasuna","status":"publish","type":"product","link":"https:\/\/www.enoconocimiento.com\/eu\/producto\/luxuzko-hoteleria-bokazioa-eta-zerbitzuaren-bikaintasuna\/","title":{"rendered":"Luxuzko hoteleria: bokazioa eta zerbitzuaren bikaintasuna"},"content":{"rendered":"<h3>Edukiak<\/h3>\n<p>\nHizlariaren karrera profesionalean barnako ibilbidetxoa, eta munduko hainbat hiritan luxuzko hotelerian aritzeak emandako eskarmentua; eta nola sartu dituen ikasitako kontzeptu guztiak, bai bere egunerokoan, bai enpresarenean. Honako kontzeptuak azaltzen dira, besteak beste, \u201cluxua\u201d  aberastasunaren erakusketa edo adierazle gisa, munduko luxu-kontsumitzaileen estatistikak, zeren bila biltzen den, benetan, luxuzko hoteletako tarifak ordaintzen dituen bezeroa, establezimenduetan langileen kontratazioak eta ondoko motibazioak duten garrantzia eta labur- labur, nola motibatu gehiago saltzeko\/ekoizteko etab.<\/p>\n","protected":false},"excerpt":{"rendered":"<p>\u201cLuxu\u201d hitzaren benetako esanahia<\/p>\n","protected":false},"featured_media":0,"comment_status":"open","ping_status":"closed","template":"","meta":{"_genesis_hide_title":false,"_genesis_hide_breadcrumbs":false,"_genesis_hide_singular_image":false,"_genesis_hide_footer_widgets":false,"_genesis_custom_body_class":"","_genesis_custom_post_class":"","_genesis_layout":""},"product_cat":[62],"product_tag":[],"class_list":{"0":"post-4738","1":"product","2":"type-product","3":"status-publish","5":"product_cat-ostalaritza-eta-merkataritza","6":"entry","8":"first","9":"instock","10":"virtual","11":"taxable","12":"purchasable","13":"product-type-simple"},"yoast_head":"<!-- This site is optimized with the Yoast SEO plugin v26.4 - https:\/\/yoast.com\/wordpress\/plugins\/seo\/ -->\n<title>Luxuzko hoteleria: bokazioa eta zerbitzuaren bikaintasuna | Enonocimiento Rioja Alavesa<\/title>\n<meta name=\"description\" content=\"Descubre el curso de Hoteler\u00eda de lujo: vocaci\u00f3n y excelencia en el servicio en el Campus Enogastron\u00f3mico de Rioja Alavesa\" \/>\n<meta name=\"robots\" content=\"index, follow, max-snippet:-1, max-image-preview:large, max-video-preview:-1\" \/>\n<link rel=\"canonical\" href=\"https:\/\/www.enoconocimiento.com\/eu\/producto\/luxuzko-hoteleria-bokazioa-eta-zerbitzuaren-bikaintasuna\/\" \/>\n<meta property=\"og:locale\" content=\"eu_ES\" \/>\n<meta property=\"og:type\" content=\"article\" \/>\n<meta property=\"og:title\" content=\"Luxuzko hoteleria: bokazioa eta zerbitzuaren bikaintasuna | Enonocimiento Rioja Alavesa\" \/>\n<meta property=\"og:description\" content=\"Descubre el curso de Hoteler\u00eda de lujo: vocaci\u00f3n y excelencia en el servicio en el Campus Enogastron\u00f3mico de Rioja Alavesa\" \/>\n<meta property=\"og:url\" content=\"https:\/\/www.enoconocimiento.com\/eu\/producto\/luxuzko-hoteleria-bokazioa-eta-zerbitzuaren-bikaintasuna\/\" \/>\n<meta property=\"og:site_name\" content=\"Enonocimiento Rioja Alavesa\" \/>\n<meta property=\"article:modified_time\" content=\"2025-02-18T09:09:08+00:00\" \/>\n<meta name=\"twitter:card\" content=\"summary_large_image\" \/>\n<script type=\"application\/ld+json\" class=\"yoast-schema-graph\">{\"@context\":\"https:\/\/schema.org\",\"@graph\":[{\"@type\":\"WebPage\",\"@id\":\"https:\/\/www.enoconocimiento.com\/eu\/producto\/luxuzko-hoteleria-bokazioa-eta-zerbitzuaren-bikaintasuna\/\",\"url\":\"https:\/\/www.enoconocimiento.com\/eu\/producto\/luxuzko-hoteleria-bokazioa-eta-zerbitzuaren-bikaintasuna\/\",\"name\":\"Luxuzko hoteleria: bokazioa eta zerbitzuaren bikaintasuna | Enonocimiento Rioja Alavesa\",\"isPartOf\":{\"@id\":\"https:\/\/www.enoconocimiento.com\/#website\"},\"datePublished\":\"2018-11-14T15:00:07+00:00\",\"dateModified\":\"2025-02-18T09:09:08+00:00\",\"description\":\"Descubre el curso de Hoteler\u00eda de lujo: vocaci\u00f3n y excelencia en el servicio en el Campus Enogastron\u00f3mico de Rioja Alavesa\",\"breadcrumb\":{\"@id\":\"https:\/\/www.enoconocimiento.com\/eu\/producto\/luxuzko-hoteleria-bokazioa-eta-zerbitzuaren-bikaintasuna\/#breadcrumb\"},\"inLanguage\":\"eu-ES\",\"potentialAction\":[{\"@type\":\"ReadAction\",\"target\":[\"https:\/\/www.enoconocimiento.com\/eu\/producto\/luxuzko-hoteleria-bokazioa-eta-zerbitzuaren-bikaintasuna\/\"]}]},{\"@type\":\"BreadcrumbList\",\"@id\":\"https:\/\/www.enoconocimiento.com\/eu\/producto\/luxuzko-hoteleria-bokazioa-eta-zerbitzuaren-bikaintasuna\/#breadcrumb\",\"itemListElement\":[{\"@type\":\"ListItem\",\"position\":1,\"name\":\"Portada\",\"item\":\"https:\/\/www.enoconocimiento.com\/eu\/\"},{\"@type\":\"ListItem\",\"position\":2,\"name\":\"Luxuzko hoteleria: bokazioa eta zerbitzuaren bikaintasuna\"}]},{\"@type\":\"WebSite\",\"@id\":\"https:\/\/www.enoconocimiento.com\/#website\",\"url\":\"https:\/\/www.enoconocimiento.com\/\",\"name\":\"Enonocimiento Rioja Alavesa\",\"description\":\"\",\"potentialAction\":[{\"@type\":\"SearchAction\",\"target\":{\"@type\":\"EntryPoint\",\"urlTemplate\":\"https:\/\/www.enoconocimiento.com\/?s={search_term_string}\"},\"query-input\":{\"@type\":\"PropertyValueSpecification\",\"valueRequired\":true,\"valueName\":\"search_term_string\"}}],\"inLanguage\":\"eu-ES\"}]}<\/script>\n<!-- \/ Yoast SEO plugin. -->","yoast_head_json":{"title":"Luxuzko hoteleria: bokazioa eta zerbitzuaren bikaintasuna | Enonocimiento Rioja Alavesa","description":"Descubre el curso de Hoteler\u00eda de lujo: vocaci\u00f3n y excelencia en el servicio en el Campus Enogastron\u00f3mico de Rioja Alavesa","robots":{"index":"index","follow":"follow","max-snippet":"max-snippet:-1","max-image-preview":"max-image-preview:large","max-video-preview":"max-video-preview:-1"},"canonical":"https:\/\/www.enoconocimiento.com\/eu\/producto\/luxuzko-hoteleria-bokazioa-eta-zerbitzuaren-bikaintasuna\/","og_locale":"eu_ES","og_type":"article","og_title":"Luxuzko hoteleria: bokazioa eta zerbitzuaren bikaintasuna | Enonocimiento Rioja Alavesa","og_description":"Descubre el curso de Hoteler\u00eda de lujo: vocaci\u00f3n y excelencia en el servicio en el Campus Enogastron\u00f3mico de Rioja Alavesa","og_url":"https:\/\/www.enoconocimiento.com\/eu\/producto\/luxuzko-hoteleria-bokazioa-eta-zerbitzuaren-bikaintasuna\/","og_site_name":"Enonocimiento Rioja Alavesa","article_modified_time":"2025-02-18T09:09:08+00:00","twitter_card":"summary_large_image","schema":{"@context":"https:\/\/schema.org","@graph":[{"@type":"WebPage","@id":"https:\/\/www.enoconocimiento.com\/eu\/producto\/luxuzko-hoteleria-bokazioa-eta-zerbitzuaren-bikaintasuna\/","url":"https:\/\/www.enoconocimiento.com\/eu\/producto\/luxuzko-hoteleria-bokazioa-eta-zerbitzuaren-bikaintasuna\/","name":"Luxuzko hoteleria: bokazioa eta zerbitzuaren bikaintasuna | Enonocimiento Rioja Alavesa","isPartOf":{"@id":"https:\/\/www.enoconocimiento.com\/#website"},"datePublished":"2018-11-14T15:00:07+00:00","dateModified":"2025-02-18T09:09:08+00:00","description":"Descubre el curso de Hoteler\u00eda de lujo: vocaci\u00f3n y excelencia en el servicio en el Campus Enogastron\u00f3mico de Rioja Alavesa","breadcrumb":{"@id":"https:\/\/www.enoconocimiento.com\/eu\/producto\/luxuzko-hoteleria-bokazioa-eta-zerbitzuaren-bikaintasuna\/#breadcrumb"},"inLanguage":"eu-ES","potentialAction":[{"@type":"ReadAction","target":["https:\/\/www.enoconocimiento.com\/eu\/producto\/luxuzko-hoteleria-bokazioa-eta-zerbitzuaren-bikaintasuna\/"]}]},{"@type":"BreadcrumbList","@id":"https:\/\/www.enoconocimiento.com\/eu\/producto\/luxuzko-hoteleria-bokazioa-eta-zerbitzuaren-bikaintasuna\/#breadcrumb","itemListElement":[{"@type":"ListItem","position":1,"name":"Portada","item":"https:\/\/www.enoconocimiento.com\/eu\/"},{"@type":"ListItem","position":2,"name":"Luxuzko hoteleria: bokazioa eta zerbitzuaren bikaintasuna"}]},{"@type":"WebSite","@id":"https:\/\/www.enoconocimiento.com\/#website","url":"https:\/\/www.enoconocimiento.com\/","name":"Enonocimiento Rioja Alavesa","description":"","potentialAction":[{"@type":"SearchAction","target":{"@type":"EntryPoint","urlTemplate":"https:\/\/www.enoconocimiento.com\/?s={search_term_string}"},"query-input":{"@type":"PropertyValueSpecification","valueRequired":true,"valueName":"search_term_string"}}],"inLanguage":"eu-ES"}]}},"_links":{"self":[{"href":"https:\/\/www.enoconocimiento.com\/eu\/wp-json\/wp\/v2\/product\/4738\/"}],"collection":[{"href":"https:\/\/www.enoconocimiento.com\/eu\/wp-json\/wp\/v2\/product\/"}],"about":[{"href":"https:\/\/www.enoconocimiento.com\/eu\/wp-json\/wp\/v2\/types\/product\/"}],"replies":[{"embeddable":true,"href":"https:\/\/www.enoconocimiento.com\/eu\/wp-json\/wp\/v2\/comments\/?post=4738"}],"wp:attachment":[{"href":"https:\/\/www.enoconocimiento.com\/eu\/wp-json\/wp\/v2\/media\/?parent=4738"}],"wp:term":[{"taxonomy":"product_cat","embeddable":true,"href":"https:\/\/www.enoconocimiento.com\/eu\/wp-json\/wp\/v2\/product_cat\/?post=4738"},{"taxonomy":"product_tag","embeddable":true,"href":"https:\/\/www.enoconocimiento.com\/eu\/wp-json\/wp\/v2\/product_tag\/?post=4738"}],"curies":[{"name":"wp","href":"https:\/\/api.w.org\/{rel}","templated":true}]}}