{"id":10079,"date":"2024-01-05T09:20:54","date_gmt":"2024-01-05T08:20:54","guid":{"rendered":"https:\/\/www.enoconocimiento.com\/producto\/ardo-gentrifikatuak\/"},"modified":"2024-02-22T09:34:06","modified_gmt":"2024-02-22T08:34:06","slug":"ardo-gentrifikatuak","status":"publish","type":"product","link":"https:\/\/www.enoconocimiento.com\/eu\/producto\/ardo-gentrifikatuak\/","title":{"rendered":"Ardo Gentrifikatuak"},"content":{"rendered":"<h3>Helburuak<\/h3>\n<p>Ardo batzuk erraz agortzen dira, bigarren mailako merkatuetan espekulazio-gai izatera iritsi arte,  beste batzuk ez dira saltzen, ordea. Hainbesteraino non, batzuetan, hauen suntsiketa diruz lagundu behar izan den, sektorearen zati hori are gehiago ez debaluatzeko. Honen guztiaren arrazoien gakoak aurkituko ditugu. <\/p>\n<h3>Edukiak<\/h3>\n<ul>\n<li>Gaur egun dauden kontsumitzaile motak definituko ditut, eta gehienek gero eta gutxiago kontsumitzen dutela azalduko dut; bien bitartean, egungo gutxiengo militantea bere kontsumoa handitzen ari da, eta horrela, interesatzen zaizkien ardoen industria mantentzen dute.<\/li>\n<li>Abordar las caracter\u00edsticas de un vino de culto, qu\u00e9 actores participan y qu\u00e9 peso tienen las redes sociales para que ciertas referencias adquieran ese estatus, claves para visibilizar una referencia<\/li>\n<li>Kultu-ardo baten ezaugarriei helduko diet, zer aktorek hartzen duten parte eta zer pisu duten sare sozialek erreferente jakin batzuek estatus hori eskura dezaten, erreferentzia bat ikusarazteko gakoak diren aldetik. Era berean, ardo gentrifikatua zer den definituko dut, nazioarteko eta nazioko adibideekin, eta zer ondorio eta eragin dituten merkatuan<\/li>\n<\/ul>\n<h3>Irakasten<\/h3>\n<p>Santiago Rivas Mu\u00f1oz. Ardo-kritikaria, 2018ko Espainiako txapelduna Taldekako Dastatze Itsuetan, sare sozialetan ardoaren kultura mugitzen duen Colectivo Decantado kontuko liderra.<\/p>\n","protected":false},"excerpt":{"rendered":"<p>Kontsumoaren paradigma-aldaketa nola ari den sektorea polarizatzen<\/p>\n","protected":false},"featured_media":0,"comment_status":"open","ping_status":"closed","template":"","meta":{"_genesis_hide_title":false,"_genesis_hide_breadcrumbs":false,"_genesis_hide_singular_image":false,"_genesis_hide_footer_widgets":false,"_genesis_custom_body_class":"","_genesis_custom_post_class":"","_genesis_layout":""},"product_cat":[59],"product_tag":[],"class_list":{"0":"post-10079","1":"product","2":"type-product","3":"status-publish","5":"product_cat-otras-categorias","6":"entry","8":"first","9":"instock","10":"sold-individually","11":"taxable","12":"shipping-taxable","13":"purchasable","14":"product-type-simple"},"yoast_head":"<!-- This site is optimized with the Yoast SEO plugin v26.4 - https:\/\/yoast.com\/wordpress\/plugins\/seo\/ -->\n<title>Ardo Gentrifikatuak | Enonocimiento Rioja Alavesa<\/title>\n<meta name=\"robots\" content=\"index, follow, max-snippet:-1, max-image-preview:large, max-video-preview:-1\" \/>\n<link rel=\"canonical\" href=\"https:\/\/www.enoconocimiento.com\/eu\/producto\/ardo-gentrifikatuak\/\" \/>\n<meta property=\"og:locale\" content=\"eu_ES\" \/>\n<meta property=\"og:type\" content=\"article\" \/>\n<meta property=\"og:title\" content=\"Ardo Gentrifikatuak | Enonocimiento Rioja Alavesa\" \/>\n<meta property=\"og:description\" content=\"Kontsumoaren paradigma-aldaketa nola ari den sektorea polarizatzen\" \/>\n<meta property=\"og:url\" content=\"https:\/\/www.enoconocimiento.com\/eu\/producto\/ardo-gentrifikatuak\/\" \/>\n<meta property=\"og:site_name\" content=\"Enonocimiento Rioja Alavesa\" \/>\n<meta property=\"article:modified_time\" content=\"2024-02-22T08:34:06+00:00\" \/>\n<meta name=\"twitter:card\" content=\"summary_large_image\" \/>\n<meta name=\"twitter:label1\" content=\"Est. reading time\" \/>\n\t<meta name=\"twitter:data1\" content=\"1 minute\" \/>\n<script type=\"application\/ld+json\" class=\"yoast-schema-graph\">{\"@context\":\"https:\/\/schema.org\",\"@graph\":[{\"@type\":\"WebPage\",\"@id\":\"https:\/\/www.enoconocimiento.com\/eu\/producto\/ardo-gentrifikatuak\/\",\"url\":\"https:\/\/www.enoconocimiento.com\/eu\/producto\/ardo-gentrifikatuak\/\",\"name\":\"Ardo Gentrifikatuak | Enonocimiento Rioja Alavesa\",\"isPartOf\":{\"@id\":\"https:\/\/www.enoconocimiento.com\/#website\"},\"datePublished\":\"2024-01-05T08:20:54+00:00\",\"dateModified\":\"2024-02-22T08:34:06+00:00\",\"breadcrumb\":{\"@id\":\"https:\/\/www.enoconocimiento.com\/eu\/producto\/ardo-gentrifikatuak\/#breadcrumb\"},\"inLanguage\":\"eu-ES\",\"potentialAction\":[{\"@type\":\"ReadAction\",\"target\":[\"https:\/\/www.enoconocimiento.com\/eu\/producto\/ardo-gentrifikatuak\/\"]}]},{\"@type\":\"BreadcrumbList\",\"@id\":\"https:\/\/www.enoconocimiento.com\/eu\/producto\/ardo-gentrifikatuak\/#breadcrumb\",\"itemListElement\":[{\"@type\":\"ListItem\",\"position\":1,\"name\":\"Portada\",\"item\":\"https:\/\/www.enoconocimiento.com\/eu\/\"},{\"@type\":\"ListItem\",\"position\":2,\"name\":\"Ardo Gentrifikatuak\"}]},{\"@type\":\"WebSite\",\"@id\":\"https:\/\/www.enoconocimiento.com\/#website\",\"url\":\"https:\/\/www.enoconocimiento.com\/\",\"name\":\"Enonocimiento Rioja Alavesa\",\"description\":\"\",\"potentialAction\":[{\"@type\":\"SearchAction\",\"target\":{\"@type\":\"EntryPoint\",\"urlTemplate\":\"https:\/\/www.enoconocimiento.com\/?s={search_term_string}\"},\"query-input\":{\"@type\":\"PropertyValueSpecification\",\"valueRequired\":true,\"valueName\":\"search_term_string\"}}],\"inLanguage\":\"eu-ES\"}]}<\/script>\n<!-- \/ Yoast SEO plugin. -->","yoast_head_json":{"title":"Ardo Gentrifikatuak | Enonocimiento Rioja Alavesa","robots":{"index":"index","follow":"follow","max-snippet":"max-snippet:-1","max-image-preview":"max-image-preview:large","max-video-preview":"max-video-preview:-1"},"canonical":"https:\/\/www.enoconocimiento.com\/eu\/producto\/ardo-gentrifikatuak\/","og_locale":"eu_ES","og_type":"article","og_title":"Ardo Gentrifikatuak | Enonocimiento Rioja Alavesa","og_description":"Kontsumoaren paradigma-aldaketa nola ari den sektorea polarizatzen","og_url":"https:\/\/www.enoconocimiento.com\/eu\/producto\/ardo-gentrifikatuak\/","og_site_name":"Enonocimiento Rioja Alavesa","article_modified_time":"2024-02-22T08:34:06+00:00","twitter_card":"summary_large_image","twitter_misc":{"Est. reading time":"1 minute"},"schema":{"@context":"https:\/\/schema.org","@graph":[{"@type":"WebPage","@id":"https:\/\/www.enoconocimiento.com\/eu\/producto\/ardo-gentrifikatuak\/","url":"https:\/\/www.enoconocimiento.com\/eu\/producto\/ardo-gentrifikatuak\/","name":"Ardo Gentrifikatuak | Enonocimiento Rioja Alavesa","isPartOf":{"@id":"https:\/\/www.enoconocimiento.com\/#website"},"datePublished":"2024-01-05T08:20:54+00:00","dateModified":"2024-02-22T08:34:06+00:00","breadcrumb":{"@id":"https:\/\/www.enoconocimiento.com\/eu\/producto\/ardo-gentrifikatuak\/#breadcrumb"},"inLanguage":"eu-ES","potentialAction":[{"@type":"ReadAction","target":["https:\/\/www.enoconocimiento.com\/eu\/producto\/ardo-gentrifikatuak\/"]}]},{"@type":"BreadcrumbList","@id":"https:\/\/www.enoconocimiento.com\/eu\/producto\/ardo-gentrifikatuak\/#breadcrumb","itemListElement":[{"@type":"ListItem","position":1,"name":"Portada","item":"https:\/\/www.enoconocimiento.com\/eu\/"},{"@type":"ListItem","position":2,"name":"Ardo Gentrifikatuak"}]},{"@type":"WebSite","@id":"https:\/\/www.enoconocimiento.com\/#website","url":"https:\/\/www.enoconocimiento.com\/","name":"Enonocimiento Rioja Alavesa","description":"","potentialAction":[{"@type":"SearchAction","target":{"@type":"EntryPoint","urlTemplate":"https:\/\/www.enoconocimiento.com\/?s={search_term_string}"},"query-input":{"@type":"PropertyValueSpecification","valueRequired":true,"valueName":"search_term_string"}}],"inLanguage":"eu-ES"}]}},"_links":{"self":[{"href":"https:\/\/www.enoconocimiento.com\/eu\/wp-json\/wp\/v2\/product\/10079\/"}],"collection":[{"href":"https:\/\/www.enoconocimiento.com\/eu\/wp-json\/wp\/v2\/product\/"}],"about":[{"href":"https:\/\/www.enoconocimiento.com\/eu\/wp-json\/wp\/v2\/types\/product\/"}],"replies":[{"embeddable":true,"href":"https:\/\/www.enoconocimiento.com\/eu\/wp-json\/wp\/v2\/comments\/?post=10079"}],"wp:attachment":[{"href":"https:\/\/www.enoconocimiento.com\/eu\/wp-json\/wp\/v2\/media\/?parent=10079"}],"wp:term":[{"taxonomy":"product_cat","embeddable":true,"href":"https:\/\/www.enoconocimiento.com\/eu\/wp-json\/wp\/v2\/product_cat\/?post=10079"},{"taxonomy":"product_tag","embeddable":true,"href":"https:\/\/www.enoconocimiento.com\/eu\/wp-json\/wp\/v2\/product_tag\/?post=10079"}],"curies":[{"name":"wp","href":"https:\/\/api.w.org\/{rel}","templated":true}]}}