{"id":1247,"date":"2017-09-22T08:36:23","date_gmt":"2017-09-22T08:36:23","guid":{"rendered":"https:\/\/www.enoconocimiento.com\/?page_id=1247"},"modified":"2018-03-14T15:45:13","modified_gmt":"2018-03-14T15:45:13","slug":"nola-egin-bezeroaren-esperientzia-bere-neurrira-kultur-adimenaren","status":"publish","type":"page","link":"https:\/\/www.enoconocimiento.com\/eu\/enoturismo-formakuntza\/nola-egin-bezeroaren-esperientzia-bere-neurrira-kultur-adimenaren\/","title":{"rendered":"Nola egin bezeroaren esperientzia bere neurrira kultur adimenaren"},"content":{"rendered":"<div id=\"pl-1247\"  class=\"panel-layout\" >\n<div id=\"pg-1247-0\"  class=\"panel-grid panel-has-style\" >\n<div class=\"content-wrapper container panel-row-style panel-row-style-for-1247-0\" >\n<div id=\"pgc-1247-0-0\"  class=\"panel-grid-cell\" >\n<div id=\"panel-1247-0-0-0\" class=\"so-panel widget widget_sow-editor panel-first-child panel-last-child\" data-index=\"0\" >\n<div\n\t\t\t\n\t\t\tclass=\"so-widget-sow-editor so-widget-sow-editor-base\"\n\t\t\t\n\t\t><\/p>\n<div class=\"siteorigin-widget-tinymce textwidget\">\n<h2>ESTRATEGIAK, IKUSPUNTUAK, TEKNIKAK ETA ERANTZUN ERAGINKORRAK ASIAKO KULTURETAN<\/h2>\n<\/div>\n<\/div>\n<\/div>\n<\/div>\n<\/div>\n<\/div>\n<div id=\"pg-1247-1\"  class=\"panel-grid panel-has-style\" >\n<div class=\"content-wrapper container panel-row-style panel-row-style-for-1247-1\" >\n<div id=\"pgc-1247-1-0\"  class=\"panel-grid-cell\" >\n<div id=\"panel-1247-1-0-0\" class=\"so-panel widget widget_sow-editor panel-first-child\" data-index=\"1\" >\n<div\n\t\t\t\n\t\t\tclass=\"so-widget-sow-editor so-widget-sow-editor-base\"\n\t\t\t\n\t\t><\/p>\n<h3 class=\"widget-title\">Helburuak<\/h3>\n<div class=\"siteorigin-widget-tinymce textwidget\">\n<div class=\"siteorigin-widget-tinymce textwidget\">\n<p>Asiako herrialdeetako portaerak ezagutu eta kultur nagusienen aldeak hauteman. Giza harremanen kudeaketa egokia da gakoa, gurearekin hain ezberdinak diren kulturetako merkatuetan konfiantza lortzeko.<\/p>\n<ol>\n<li>Parte-hartzailearen kultur adimena hobetu, kulturen arteko ezberdintasunak ezagututa.<\/li>\n<li>Ikasketen bidez kulturen arteko ezberdintasunak ikasi eta horien jabe izan.<\/li>\n<li>Adibideak eta aholkuak eman, kultur aniztasunaren teoria praktikan jartzeko.<\/li>\n<li>Parte-hartzaileak prestatu, kultura ezberdinetako pertsonekin eta testuinguru anitzetan, modu afektiboagoan lan egiteko.\n<\/li>\n<\/ol>\n<\/div>\n<\/div>\n<\/div>\n<\/div>\n<div id=\"panel-1247-1-0-1\" class=\"so-panel widget widget_sow-editor panel-last-child\" data-index=\"2\" >\n<div\n\t\t\t\n\t\t\tclass=\"so-widget-sow-editor so-widget-sow-editor-base\"\n\t\t\t\n\t\t><\/p>\n<h3 class=\"widget-title\">Edukia<\/h3>\n<div class=\"siteorigin-widget-tinymce textwidget\">\n<div class=\"siteorigin-widget-tinymce textwidget\">\n<ol>\n<li>Kultur adimena. Sarrera.<\/li>\n<li>Zer da kultura eta zergatik da garrantzitsua.<\/li>\n<li>Kultur baloreak eta honen dimentsioak.<\/li>\n<li>Kultur adimenaren onurak.<\/li>\n<li>Kultur adimenarekin zerikusia duten trebetasunak.<\/li>\n<li>Kultur adimenaren azpi-dimentsioak.<\/li>\n<li>Asiako hego-ekialdeko kulturek dituzten baloreen azterketa.<\/li>\n<li>Txinako, Japoniako, Hego Koreako eta Singapurreko kulturetako baloreen azterketa.<\/li>\n<li>Nola ezarri kultur adimena enoturismoaren industrian.\n<\/li>\n<\/ol>\n<\/div>\n<\/div>\n<\/div>\n<\/div>\n<\/div>\n<div id=\"pgc-1247-1-1\"  class=\"panel-grid-cell\" >\n<div id=\"panel-1247-1-1-0\" class=\"so-panel widget widget_sow-editor panel-first-child\" data-index=\"3\" >\n<div class=\"cuadros-derecha panel-widget-style panel-widget-style-for-1247-1-1-0\" >\n<div\n\t\t\t\n\t\t\tclass=\"so-widget-sow-editor so-widget-sow-editor-base\"\n\t\t\t\n\t\t><\/p>\n<h3 class=\"widget-title\">Ordutegia eta iraupena<\/h3>\n<div class=\"siteorigin-widget-tinymce textwidget\">\n<p>Martxoaren 13an eta 14an<\/p>\n<p>16:00 &#8211; 20:00<\/p>\n<\/div>\n<\/div>\n<\/div>\n<\/div>\n<div id=\"panel-1247-1-1-1\" class=\"so-panel widget widget_sow-editor\" data-index=\"4\" >\n<div class=\"cuadros-derecha panel-widget-style panel-widget-style-for-1247-1-1-1\" >\n<div\n\t\t\t\n\t\t\tclass=\"so-widget-sow-editor so-widget-sow-editor-base\"\n\t\t\t\n\t\t><\/p>\n<h3 class=\"widget-title\">Leku<\/h3>\n<div class=\"siteorigin-widget-tinymce textwidget\">\n<p>Hospeder\u00eda de Los Parajes<\/p>\n<p>Mayor kalea 46 &#8211; 48<\/p>\n<p>Laguardia<\/p>\n<\/div>\n<\/div>\n<\/div>\n<\/div>\n<div id=\"panel-1247-1-1-2\" class=\"so-panel widget widget_sow-editor\" data-index=\"5\" >\n<div class=\"cuadros-derecha panel-widget-style panel-widget-style-for-1247-1-1-2\" >\n<div\n\t\t\t\n\t\t\tclass=\"so-widget-sow-editor so-widget-sow-editor-base\"\n\t\t\t\n\t\t><\/p>\n<h3 class=\"widget-title\">Prezioa<\/h3>\n<div class=\"siteorigin-widget-tinymce textwidget\">\n<p>60\u20ac Arabako Errioxako Ardoaren Ibilbideko bazkideentzat<\/p>\n<p>120\u20ac Arabako Errioxako Ardoaren Ibilbidearen ez bazkideentzat<\/p>\n<p>\u00a0<\/p>\n<\/div>\n<\/div>\n<\/div>\n<\/div>\n<div id=\"panel-1247-1-1-3\" class=\"so-panel widget widget_sow-editor\" data-index=\"6\" >\n<div class=\"cuadros-derecha panel-widget-style panel-widget-style-for-1247-1-1-3\" >\n<div\n\t\t\t\n\t\t\tclass=\"so-widget-sow-editor so-widget-sow-editor-base\"\n\t\t\t\n\t\t><\/p>\n<h3 class=\"widget-title\">Irakaslea<\/h3>\n<div class=\"siteorigin-widget-tinymce textwidget\">\n<div class=\"siteorigin-widget-tinymce textwidget\">\n<p>M\u00f3nica Castell\u00e1 Pujad\u00f3<\/p>\n<\/div>\n<\/div>\n<\/div>\n<\/div>\n<\/div>\n<div id=\"panel-1247-1-1-4\" class=\"so-panel widget widget_sow-editor panel-last-child\" data-index=\"7\" >\n<div class=\"cuadros-derecha panel-widget-style panel-widget-style-for-1247-1-1-4\" >\n<div\n\t\t\t\n\t\t\tclass=\"so-widget-sow-editor so-widget-sow-editor-base\"\n\t\t\t\n\t\t><\/p>\n<div class=\"siteorigin-widget-tinymce textwidget\">\n<p><a href=\"https:\/\/www.enoconocimiento.com\/eu\/campus-enogastronomikoa\/nola-egin-bezeroaren-esperientzia-bere-neurrira-kultur-adimenaren\/\">Eginda<\/a><\/p>\n<\/div>\n<\/div>\n<\/div>\n<\/div>\n<\/div>\n<\/div>\n<\/div>\n<\/div>\n","protected":false},"excerpt":{"rendered":"<p>ESTRATEGIAK, IKUSPUNTUAK, TEKNIKAK ETA ERANTZUN ERAGINKORRAK ASIAKO KULTURETAN Asiako herrialdeetako portaerak ezagutu eta kultur nagusienen aldeak hauteman. Giza harremanen kudeaketa egokia da gakoa, gurearekin hain ezberdinak diren kulturetako merkatuetan konfiantza lortzeko. Parte-hartzailearen kultur adimena hobetu, kulturen arteko ezberdintasunak ezagututa. Ikasketen bidez kulturen arteko ezberdintasunak ikasi eta horien jabe izan. Adibideak eta aholkuak eman, kultur aniztasunaren<a class=\"more-link\" href=\"https:\/\/www.enoconocimiento.com\/eu\/enoturismo-formakuntza\/nola-egin-bezeroaren-esperientzia-bere-neurrira-kultur-adimenaren\/\"> Read More <i class=\"fa fa-angle-double-right\"><\/i><\/a><\/p>\n","protected":false},"author":2,"featured_media":0,"parent":1092,"menu_order":109,"comment_status":"closed","ping_status":"closed","template":"","meta":{"_genesis_hide_title":false,"_genesis_hide_breadcrumbs":false,"_genesis_hide_singular_image":false,"_genesis_hide_footer_widgets":false,"_genesis_custom_body_class":"tercer-nivel","_genesis_custom_post_class":"","_genesis_layout":"","footnotes":""},"class_list":{"0":"post-1247","1":"page","2":"type-page","3":"status-publish","5":"entry"},"yoast_head":"<!-- This site is optimized with the Yoast SEO plugin v26.4 - https:\/\/yoast.com\/wordpress\/plugins\/seo\/ -->\n<title>Nola egin bezeroaren esperientzia bere neurrira kultur adimenaren | Enonocimiento Rioja Alavesa<\/title>\n<meta name=\"robots\" content=\"noindex, nofollow\" \/>\n<meta property=\"og:locale\" content=\"eu_ES\" \/>\n<meta property=\"og:type\" content=\"article\" \/>\n<meta property=\"og:title\" content=\"Nola egin bezeroaren esperientzia bere neurrira kultur adimenaren | Enonocimiento Rioja Alavesa\" \/>\n<meta property=\"og:description\" content=\"ESTRATEGIAK, IKUSPUNTUAK, TEKNIKAK ETA ERANTZUN ERAGINKORRAK ASIAKO KULTURETAN Asiako herrialdeetako portaerak ezagutu eta kultur nagusienen aldeak hauteman. Giza harremanen kudeaketa egokia da gakoa, gurearekin hain ezberdinak diren kulturetako merkatuetan konfiantza lortzeko. Parte-hartzailearen kultur adimena hobetu, kulturen arteko ezberdintasunak ezagututa. Ikasketen bidez kulturen arteko ezberdintasunak ikasi eta horien jabe izan. Adibideak eta aholkuak eman, kultur aniztasunaren Read More\" \/>\n<meta property=\"og:url\" content=\"https:\/\/www.enoconocimiento.com\/eu\/enoturismo-formakuntza\/nola-egin-bezeroaren-esperientzia-bere-neurrira-kultur-adimenaren\/\" \/>\n<meta property=\"og:site_name\" content=\"Enonocimiento Rioja Alavesa\" \/>\n<meta property=\"article:modified_time\" content=\"2018-03-14T15:45:13+00:00\" \/>\n<meta name=\"twitter:card\" content=\"summary_large_image\" \/>\n<meta name=\"twitter:label1\" content=\"Est. reading time\" \/>\n\t<meta name=\"twitter:data1\" content=\"1 minute\" \/>\n<script type=\"application\/ld+json\" class=\"yoast-schema-graph\">{\"@context\":\"https:\/\/schema.org\",\"@graph\":[{\"@type\":\"WebPage\",\"@id\":\"https:\/\/www.enoconocimiento.com\/eu\/enoturismo-formakuntza\/nola-egin-bezeroaren-esperientzia-bere-neurrira-kultur-adimenaren\/\",\"url\":\"https:\/\/www.enoconocimiento.com\/eu\/enoturismo-formakuntza\/nola-egin-bezeroaren-esperientzia-bere-neurrira-kultur-adimenaren\/\",\"name\":\"Nola egin bezeroaren esperientzia bere neurrira kultur adimenaren | Enonocimiento Rioja Alavesa\",\"isPartOf\":{\"@id\":\"https:\/\/www.enoconocimiento.com\/#website\"},\"datePublished\":\"2017-09-22T08:36:23+00:00\",\"dateModified\":\"2018-03-14T15:45:13+00:00\",\"breadcrumb\":{\"@id\":\"https:\/\/www.enoconocimiento.com\/eu\/enoturismo-formakuntza\/nola-egin-bezeroaren-esperientzia-bere-neurrira-kultur-adimenaren\/#breadcrumb\"},\"inLanguage\":\"eu-ES\",\"potentialAction\":[{\"@type\":\"ReadAction\",\"target\":[\"https:\/\/www.enoconocimiento.com\/eu\/enoturismo-formakuntza\/nola-egin-bezeroaren-esperientzia-bere-neurrira-kultur-adimenaren\/\"]}]},{\"@type\":\"BreadcrumbList\",\"@id\":\"https:\/\/www.enoconocimiento.com\/eu\/enoturismo-formakuntza\/nola-egin-bezeroaren-esperientzia-bere-neurrira-kultur-adimenaren\/#breadcrumb\",\"itemListElement\":[{\"@type\":\"ListItem\",\"position\":1,\"name\":\"Portada\",\"item\":\"https:\/\/www.enoconocimiento.com\/eu\/\"},{\"@type\":\"ListItem\",\"position\":2,\"name\":\"Enoturismo Formakuntza\",\"item\":\"https:\/\/www.enoconocimiento.com\/eu\/enoturismo-formakuntza\/\"},{\"@type\":\"ListItem\",\"position\":3,\"name\":\"Nola egin bezeroaren esperientzia bere neurrira kultur adimenaren\"}]},{\"@type\":\"WebSite\",\"@id\":\"https:\/\/www.enoconocimiento.com\/#website\",\"url\":\"https:\/\/www.enoconocimiento.com\/\",\"name\":\"Enonocimiento Rioja Alavesa\",\"description\":\"\",\"potentialAction\":[{\"@type\":\"SearchAction\",\"target\":{\"@type\":\"EntryPoint\",\"urlTemplate\":\"https:\/\/www.enoconocimiento.com\/?s={search_term_string}\"},\"query-input\":{\"@type\":\"PropertyValueSpecification\",\"valueRequired\":true,\"valueName\":\"search_term_string\"}}],\"inLanguage\":\"eu-ES\"}]}<\/script>\n<!-- \/ Yoast SEO plugin. -->","yoast_head_json":{"title":"Nola egin bezeroaren esperientzia bere neurrira kultur adimenaren | Enonocimiento Rioja Alavesa","robots":{"index":"noindex","follow":"nofollow"},"og_locale":"eu_ES","og_type":"article","og_title":"Nola egin bezeroaren esperientzia bere neurrira kultur adimenaren | Enonocimiento Rioja Alavesa","og_description":"ESTRATEGIAK, IKUSPUNTUAK, TEKNIKAK ETA ERANTZUN ERAGINKORRAK ASIAKO KULTURETAN Asiako herrialdeetako portaerak ezagutu eta kultur nagusienen aldeak hauteman. Giza harremanen kudeaketa egokia da gakoa, gurearekin hain ezberdinak diren kulturetako merkatuetan konfiantza lortzeko. Parte-hartzailearen kultur adimena hobetu, kulturen arteko ezberdintasunak ezagututa. Ikasketen bidez kulturen arteko ezberdintasunak ikasi eta horien jabe izan. Adibideak eta aholkuak eman, kultur aniztasunaren Read More","og_url":"https:\/\/www.enoconocimiento.com\/eu\/enoturismo-formakuntza\/nola-egin-bezeroaren-esperientzia-bere-neurrira-kultur-adimenaren\/","og_site_name":"Enonocimiento Rioja Alavesa","article_modified_time":"2018-03-14T15:45:13+00:00","twitter_card":"summary_large_image","twitter_misc":{"Est. reading time":"1 minute"},"schema":{"@context":"https:\/\/schema.org","@graph":[{"@type":"WebPage","@id":"https:\/\/www.enoconocimiento.com\/eu\/enoturismo-formakuntza\/nola-egin-bezeroaren-esperientzia-bere-neurrira-kultur-adimenaren\/","url":"https:\/\/www.enoconocimiento.com\/eu\/enoturismo-formakuntza\/nola-egin-bezeroaren-esperientzia-bere-neurrira-kultur-adimenaren\/","name":"Nola egin bezeroaren esperientzia bere neurrira kultur adimenaren | Enonocimiento Rioja Alavesa","isPartOf":{"@id":"https:\/\/www.enoconocimiento.com\/#website"},"datePublished":"2017-09-22T08:36:23+00:00","dateModified":"2018-03-14T15:45:13+00:00","breadcrumb":{"@id":"https:\/\/www.enoconocimiento.com\/eu\/enoturismo-formakuntza\/nola-egin-bezeroaren-esperientzia-bere-neurrira-kultur-adimenaren\/#breadcrumb"},"inLanguage":"eu-ES","potentialAction":[{"@type":"ReadAction","target":["https:\/\/www.enoconocimiento.com\/eu\/enoturismo-formakuntza\/nola-egin-bezeroaren-esperientzia-bere-neurrira-kultur-adimenaren\/"]}]},{"@type":"BreadcrumbList","@id":"https:\/\/www.enoconocimiento.com\/eu\/enoturismo-formakuntza\/nola-egin-bezeroaren-esperientzia-bere-neurrira-kultur-adimenaren\/#breadcrumb","itemListElement":[{"@type":"ListItem","position":1,"name":"Portada","item":"https:\/\/www.enoconocimiento.com\/eu\/"},{"@type":"ListItem","position":2,"name":"Enoturismo Formakuntza","item":"https:\/\/www.enoconocimiento.com\/eu\/enoturismo-formakuntza\/"},{"@type":"ListItem","position":3,"name":"Nola egin bezeroaren esperientzia bere neurrira kultur adimenaren"}]},{"@type":"WebSite","@id":"https:\/\/www.enoconocimiento.com\/#website","url":"https:\/\/www.enoconocimiento.com\/","name":"Enonocimiento Rioja Alavesa","description":"","potentialAction":[{"@type":"SearchAction","target":{"@type":"EntryPoint","urlTemplate":"https:\/\/www.enoconocimiento.com\/?s={search_term_string}"},"query-input":{"@type":"PropertyValueSpecification","valueRequired":true,"valueName":"search_term_string"}}],"inLanguage":"eu-ES"}]}},"_links":{"self":[{"href":"https:\/\/www.enoconocimiento.com\/eu\/wp-json\/wp\/v2\/pages\/1247\/"}],"collection":[{"href":"https:\/\/www.enoconocimiento.com\/eu\/wp-json\/wp\/v2\/pages\/"}],"about":[{"href":"https:\/\/www.enoconocimiento.com\/eu\/wp-json\/wp\/v2\/types\/page\/"}],"author":[{"embeddable":true,"href":"https:\/\/www.enoconocimiento.com\/eu\/wp-json\/wp\/v2\/users\/2\/"}],"replies":[{"embeddable":true,"href":"https:\/\/www.enoconocimiento.com\/eu\/wp-json\/wp\/v2\/comments\/?post=1247"}],"version-history":[{"count":0,"href":"https:\/\/www.enoconocimiento.com\/eu\/wp-json\/wp\/v2\/pages\/1247\/revisions\/"}],"up":[{"embeddable":true,"href":"https:\/\/www.enoconocimiento.com\/eu\/wp-json\/wp\/v2\/pages\/1092\/"}],"wp:attachment":[{"href":"https:\/\/www.enoconocimiento.com\/eu\/wp-json\/wp\/v2\/media\/?parent=1247"}],"curies":[{"name":"wp","href":"https:\/\/api.w.org\/{rel}","templated":true}]}}